{"id":11078,"date":"2024-09-10T19:28:35","date_gmt":"2024-09-10T17:28:35","guid":{"rendered":"http:\/\/mzs7krosno.pl\/?page_id=11078"},"modified":"2024-09-10T19:28:37","modified_gmt":"2024-09-10T17:28:37","slug":"standardy-ochrony-dzieci","status":"publish","type":"page","link":"http:\/\/mzs7krosno.pl\/index.php\/standardy-ochrony-dzieci\/","title":{"rendered":"Standardy Ochrony Dzieci"},"content":{"rendered":"<div class=\"wp-block-image\">\n<figure class=\"alignright size-full is-resized\"><img loading=\"lazy\" decoding=\"async\" width=\"652\" height=\"439\" src=\"http:\/\/mzs7krosno.pl\/wp-content\/uploads\/2024\/09\/standardy-ochrony.jpg\" alt=\"\" class=\"wp-image-11089\" style=\"aspect-ratio:1.4851936218678816;width:241px;height:auto\" srcset=\"http:\/\/mzs7krosno.pl\/wp-content\/uploads\/2024\/09\/standardy-ochrony.jpg 652w, http:\/\/mzs7krosno.pl\/wp-content\/uploads\/2024\/09\/standardy-ochrony-300x202.jpg 300w, http:\/\/mzs7krosno.pl\/wp-content\/uploads\/2024\/09\/standardy-ochrony-160x108.jpg 160w\" sizes=\"auto, (max-width: 652px) 100vw, 652px\" \/><\/figure>\n<\/div>\n\n\n<p><a href=\"http:\/\/mzs7krosno.pl\/wp-content\/uploads\/2024\/09\/procedura_bezpiecznego_-korzystania_z_sieci_Internet.pdf\" target=\"_blank\" rel=\"noopener\" title=\"\">Procedura bezpiecznego korzystania z sieci Internet<\/a><\/p>\n\n\n\n<p><a href=\"http:\/\/mzs7krosno.pl\/wp-content\/uploads\/2024\/09\/procedura_monitorowania_i_weryfikowania_standardow_ochrony_maloletnich.pdf\" target=\"_blank\" rel=\"noopener\" title=\"\">Procedura monitorowania i weryfikowania standard\u00f3w ochrony ma\u0142oletnich<\/a><\/p>\n\n\n\n<p><a href=\"http:\/\/mzs7krosno.pl\/wp-content\/uploads\/2024\/09\/procedura_ochrony_wizerunku_i_danych_osobowych_maloletnich.pdf\" target=\"_blank\" rel=\"noopener\" title=\"\">Procedura ochrony wizerunku i danych osobowych ma\u0142oletnich<\/a><\/p>\n\n\n\n<p><a href=\"http:\/\/mzs7krosno.pl\/wp-content\/uploads\/2024\/09\/procedura_reagowania_i_dzialania_w_przypadku_niewlasciwych_relacji_miedzy_maloletnimi.pdf\" target=\"_blank\" rel=\"noopener\" title=\"\">Procedura reagowania i dzia\u0142ania w przypadku niew\u0142a\u015bciwych relacji miedzy ma\u0142oletnimi<\/a><\/p>\n","protected":false},"excerpt":{"rendered":"<p>Procedura bezpiecznego korzystania z sieci Internet Procedura monitorowania i weryfikowania standard\u00f3w ochrony ma\u0142oletnich Procedura ochrony wizerunku i danych osobowych ma\u0142oletnich Procedura reagowania i dzia\u0142ania w przypadku niew\u0142a\u015bciwych relacji miedzy ma\u0142oletnimi<\/p>\n","protected":false},"author":5,"featured_media":0,"parent":0,"menu_order":0,"comment_status":"closed","ping_status":"closed","template":"","meta":{"ngg_post_thumbnail":0,"footnotes":""},"class_list":["post-11078","page","type-page","status-publish","hentry"],"aioseo_notices":[],"_links":{"self":[{"href":"http:\/\/mzs7krosno.pl\/index.php\/wp-json\/wp\/v2\/pages\/11078","targetHints":{"allow":["GET"]}}],"collection":[{"href":"http:\/\/mzs7krosno.pl\/index.php\/wp-json\/wp\/v2\/pages"}],"about":[{"href":"http:\/\/mzs7krosno.pl\/index.php\/wp-json\/wp\/v2\/types\/page"}],"author":[{"embeddable":true,"href":"http:\/\/mzs7krosno.pl\/index.php\/wp-json\/wp\/v2\/users\/5"}],"replies":[{"embeddable":true,"href":"http:\/\/mzs7krosno.pl\/index.php\/wp-json\/wp\/v2\/comments?post=11078"}],"version-history":[{"count":7,"href":"http:\/\/mzs7krosno.pl\/index.php\/wp-json\/wp\/v2\/pages\/11078\/revisions"}],"predecessor-version":[{"id":11090,"href":"http:\/\/mzs7krosno.pl\/index.php\/wp-json\/wp\/v2\/pages\/11078\/revisions\/11090"}],"wp:attachment":[{"href":"http:\/\/mzs7krosno.pl\/index.php\/wp-json\/wp\/v2\/media?parent=11078"}],"curies":[{"name":"wp","href":"https:\/\/api.w.org\/{rel}","templated":true}]}}