{"id":11142,"date":"2024-09-24T17:44:47","date_gmt":"2024-09-24T15:44:47","guid":{"rendered":"http:\/\/mzs7krosno.pl\/?page_id=11142"},"modified":"2024-09-24T17:50:30","modified_gmt":"2024-09-24T15:50:30","slug":"gromada-zuchowa","status":"publish","type":"page","link":"http:\/\/mzs7krosno.pl\/index.php\/gromada-zuchowa\/","title":{"rendered":"Gromada Zuchowa"},"content":{"rendered":"\n<p>Przy naszej szkole dzia\u0142a 1 Gromada Zuchowa &#8222;Dzielne Wilczki&#8221;.<\/p>\n\n\n\n<p>Dzieci z klas I-III ucz\u0105 si\u0119 na zbi\u00f3rkach jak by\u0107 dzielnymi, zaradnymi i ch\u0119tnymi do pomagania dziewczynkami i ch\u0142opcami oraz zdobywaj\u0105 wiele warto\u015bciowych umiej\u0119tno\u015bci. Przez zabaw\u0119 zuchy ucz\u0105 si\u0119 samodzielno\u015bci i kole\u017ce\u0144stwa. Maj\u0105 r\u00f3wnie\u017c swoje zwyczaje i tajemnice.<\/p>\n\n\n\n<p>Jak tylko pogoda nam pozwala&nbsp; czas sp\u0119dzamy w terenie, na w\u0119dr\u00f3wkach&nbsp; i po\u017cytecznym dzia\u0142aniu.<\/p>\n\n\n\n<p>Spotykamy si\u0119 w ka\u017cdy czwartek o godz.14.00-15.30 przy SP4.<\/p>\n\n\n\n<p class=\"has-text-align-right\"><em>Ma\u0142gorzata Kowalska<\/em><\/p>\n\n\n\n<div class=\"wp-block-jetpack-slideshow aligncenter\" data-effect=\"slide\"><div class=\"wp-block-jetpack-slideshow_container swiper-container\"><ul class=\"wp-block-jetpack-slideshow_swiper-wrapper swiper-wrapper\"><li class=\"wp-block-jetpack-slideshow_slide swiper-slide\"><figure><img loading=\"lazy\" decoding=\"async\" width=\"1024\" height=\"771\" alt=\"\" class=\"wp-block-jetpack-slideshow_image wp-image-11158\" data-id=\"11158\" src=\"http:\/\/mzs7krosno.pl\/wp-content\/uploads\/2024\/09\/IMG_20240921_143443_HDR-Copy-1024x771.jpg\" srcset=\"http:\/\/mzs7krosno.pl\/wp-content\/uploads\/2024\/09\/IMG_20240921_143443_HDR-Copy-1024x771.jpg 1024w, http:\/\/mzs7krosno.pl\/wp-content\/uploads\/2024\/09\/IMG_20240921_143443_HDR-Copy-300x226.jpg 300w, http:\/\/mzs7krosno.pl\/wp-content\/uploads\/2024\/09\/IMG_20240921_143443_HDR-Copy-768x578.jpg 768w, http:\/\/mzs7krosno.pl\/wp-content\/uploads\/2024\/09\/IMG_20240921_143443_HDR-Copy-1536x1157.jpg 1536w, http:\/\/mzs7krosno.pl\/wp-content\/uploads\/2024\/09\/IMG_20240921_143443_HDR-Copy-863x650.jpg 863w, http:\/\/mzs7krosno.pl\/wp-content\/uploads\/2024\/09\/IMG_20240921_143443_HDR-Copy-143x108.jpg 143w, http:\/\/mzs7krosno.pl\/wp-content\/uploads\/2024\/09\/IMG_20240921_143443_HDR-Copy.jpg 2000w\" sizes=\"auto, (max-width: 1024px) 100vw, 1024px\" \/><\/figure><\/li><li class=\"wp-block-jetpack-slideshow_slide swiper-slide\"><figure><img loading=\"lazy\" decoding=\"async\" width=\"1024\" height=\"771\" alt=\"\" class=\"wp-block-jetpack-slideshow_image wp-image-11157\" data-id=\"11157\" src=\"http:\/\/mzs7krosno.pl\/wp-content\/uploads\/2024\/09\/IMG_20240919_153226_HDR-Copy-1024x771.jpg\" srcset=\"http:\/\/mzs7krosno.pl\/wp-content\/uploads\/2024\/09\/IMG_20240919_153226_HDR-Copy-1024x771.jpg 1024w, http:\/\/mzs7krosno.pl\/wp-content\/uploads\/2024\/09\/IMG_20240919_153226_HDR-Copy-300x226.jpg 300w, http:\/\/mzs7krosno.pl\/wp-content\/uploads\/2024\/09\/IMG_20240919_153226_HDR-Copy-768x578.jpg 768w, http:\/\/mzs7krosno.pl\/wp-content\/uploads\/2024\/09\/IMG_20240919_153226_HDR-Copy-1536x1157.jpg 1536w, http:\/\/mzs7krosno.pl\/wp-content\/uploads\/2024\/09\/IMG_20240919_153226_HDR-Copy-863x650.jpg 863w, http:\/\/mzs7krosno.pl\/wp-content\/uploads\/2024\/09\/IMG_20240919_153226_HDR-Copy-143x108.jpg 143w, http:\/\/mzs7krosno.pl\/wp-content\/uploads\/2024\/09\/IMG_20240919_153226_HDR-Copy.jpg 2000w\" sizes=\"auto, (max-width: 1024px) 100vw, 1024px\" \/><\/figure><\/li><li class=\"wp-block-jetpack-slideshow_slide swiper-slide\"><figure><img loading=\"lazy\" decoding=\"async\" width=\"1024\" height=\"771\" alt=\"\" class=\"wp-block-jetpack-slideshow_image wp-image-11156\" data-id=\"11156\" src=\"http:\/\/mzs7krosno.pl\/wp-content\/uploads\/2024\/09\/IMG_20240919_144249_HDR-Copy-1024x771.jpg\" srcset=\"http:\/\/mzs7krosno.pl\/wp-content\/uploads\/2024\/09\/IMG_20240919_144249_HDR-Copy-1024x771.jpg 1024w, http:\/\/mzs7krosno.pl\/wp-content\/uploads\/2024\/09\/IMG_20240919_144249_HDR-Copy-300x226.jpg 300w, http:\/\/mzs7krosno.pl\/wp-content\/uploads\/2024\/09\/IMG_20240919_144249_HDR-Copy-768x578.jpg 768w, http:\/\/mzs7krosno.pl\/wp-content\/uploads\/2024\/09\/IMG_20240919_144249_HDR-Copy-1536x1157.jpg 1536w, http:\/\/mzs7krosno.pl\/wp-content\/uploads\/2024\/09\/IMG_20240919_144249_HDR-Copy-863x650.jpg 863w, http:\/\/mzs7krosno.pl\/wp-content\/uploads\/2024\/09\/IMG_20240919_144249_HDR-Copy-143x108.jpg 143w, http:\/\/mzs7krosno.pl\/wp-content\/uploads\/2024\/09\/IMG_20240919_144249_HDR-Copy.jpg 2000w\" sizes=\"auto, (max-width: 1024px) 100vw, 1024px\" \/><\/figure><\/li><li class=\"wp-block-jetpack-slideshow_slide swiper-slide\"><figure><img loading=\"lazy\" decoding=\"async\" width=\"1024\" height=\"771\" alt=\"\" class=\"wp-block-jetpack-slideshow_image wp-image-11155\" data-id=\"11155\" src=\"http:\/\/mzs7krosno.pl\/wp-content\/uploads\/2024\/09\/IMG_20240905_141930_HDR-Copy-1024x771.jpg\" srcset=\"http:\/\/mzs7krosno.pl\/wp-content\/uploads\/2024\/09\/IMG_20240905_141930_HDR-Copy-1024x771.jpg 1024w, http:\/\/mzs7krosno.pl\/wp-content\/uploads\/2024\/09\/IMG_20240905_141930_HDR-Copy-300x226.jpg 300w, http:\/\/mzs7krosno.pl\/wp-content\/uploads\/2024\/09\/IMG_20240905_141930_HDR-Copy-768x578.jpg 768w, http:\/\/mzs7krosno.pl\/wp-content\/uploads\/2024\/09\/IMG_20240905_141930_HDR-Copy-1536x1157.jpg 1536w, http:\/\/mzs7krosno.pl\/wp-content\/uploads\/2024\/09\/IMG_20240905_141930_HDR-Copy-863x650.jpg 863w, http:\/\/mzs7krosno.pl\/wp-content\/uploads\/2024\/09\/IMG_20240905_141930_HDR-Copy-143x108.jpg 143w, http:\/\/mzs7krosno.pl\/wp-content\/uploads\/2024\/09\/IMG_20240905_141930_HDR-Copy.jpg 2000w\" sizes=\"auto, (max-width: 1024px) 100vw, 1024px\" \/><\/figure><\/li><li class=\"wp-block-jetpack-slideshow_slide swiper-slide\"><figure><img loading=\"lazy\" decoding=\"async\" width=\"1024\" height=\"771\" alt=\"\" class=\"wp-block-jetpack-slideshow_image wp-image-11154\" data-id=\"11154\" src=\"http:\/\/mzs7krosno.pl\/wp-content\/uploads\/2024\/09\/IMG_20240710_100627-Copy-1024x771.jpg\" srcset=\"http:\/\/mzs7krosno.pl\/wp-content\/uploads\/2024\/09\/IMG_20240710_100627-Copy-1024x771.jpg 1024w, http:\/\/mzs7krosno.pl\/wp-content\/uploads\/2024\/09\/IMG_20240710_100627-Copy-300x226.jpg 300w, http:\/\/mzs7krosno.pl\/wp-content\/uploads\/2024\/09\/IMG_20240710_100627-Copy-768x578.jpg 768w, http:\/\/mzs7krosno.pl\/wp-content\/uploads\/2024\/09\/IMG_20240710_100627-Copy-1536x1157.jpg 1536w, http:\/\/mzs7krosno.pl\/wp-content\/uploads\/2024\/09\/IMG_20240710_100627-Copy-863x650.jpg 863w, http:\/\/mzs7krosno.pl\/wp-content\/uploads\/2024\/09\/IMG_20240710_100627-Copy-143x108.jpg 143w, http:\/\/mzs7krosno.pl\/wp-content\/uploads\/2024\/09\/IMG_20240710_100627-Copy.jpg 2000w\" sizes=\"auto, (max-width: 1024px) 100vw, 1024px\" \/><\/figure><\/li><li class=\"wp-block-jetpack-slideshow_slide swiper-slide\"><figure><img loading=\"lazy\" decoding=\"async\" width=\"771\" height=\"1024\" alt=\"\" class=\"wp-block-jetpack-slideshow_image wp-image-11153\" data-id=\"11153\" src=\"http:\/\/mzs7krosno.pl\/wp-content\/uploads\/2024\/09\/IMG_20240708_124120-Copy-771x1024.jpg\" srcset=\"http:\/\/mzs7krosno.pl\/wp-content\/uploads\/2024\/09\/IMG_20240708_124120-Copy-771x1024.jpg 771w, http:\/\/mzs7krosno.pl\/wp-content\/uploads\/2024\/09\/IMG_20240708_124120-Copy-226x300.jpg 226w, http:\/\/mzs7krosno.pl\/wp-content\/uploads\/2024\/09\/IMG_20240708_124120-Copy-768x1020.jpg 768w, http:\/\/mzs7krosno.pl\/wp-content\/uploads\/2024\/09\/IMG_20240708_124120-Copy-1157x1536.jpg 1157w, http:\/\/mzs7krosno.pl\/wp-content\/uploads\/2024\/09\/IMG_20240708_124120-Copy-863x1146.jpg 863w, http:\/\/mzs7krosno.pl\/wp-content\/uploads\/2024\/09\/IMG_20240708_124120-Copy-81x108.jpg 81w, http:\/\/mzs7krosno.pl\/wp-content\/uploads\/2024\/09\/IMG_20240708_124120-Copy.jpg 1506w\" sizes=\"auto, (max-width: 771px) 100vw, 771px\" \/><\/figure><\/li><li class=\"wp-block-jetpack-slideshow_slide swiper-slide\"><figure><img loading=\"lazy\" decoding=\"async\" width=\"771\" height=\"1024\" alt=\"\" class=\"wp-block-jetpack-slideshow_image wp-image-11147\" data-id=\"11147\" src=\"http:\/\/mzs7krosno.pl\/wp-content\/uploads\/2024\/09\/IMG_20240418_143509_HDR-Copy-771x1024.jpg\" srcset=\"http:\/\/mzs7krosno.pl\/wp-content\/uploads\/2024\/09\/IMG_20240418_143509_HDR-Copy-771x1024.jpg 771w, http:\/\/mzs7krosno.pl\/wp-content\/uploads\/2024\/09\/IMG_20240418_143509_HDR-Copy-226x300.jpg 226w, http:\/\/mzs7krosno.pl\/wp-content\/uploads\/2024\/09\/IMG_20240418_143509_HDR-Copy-768x1020.jpg 768w, http:\/\/mzs7krosno.pl\/wp-content\/uploads\/2024\/09\/IMG_20240418_143509_HDR-Copy-1157x1536.jpg 1157w, http:\/\/mzs7krosno.pl\/wp-content\/uploads\/2024\/09\/IMG_20240418_143509_HDR-Copy-863x1146.jpg 863w, http:\/\/mzs7krosno.pl\/wp-content\/uploads\/2024\/09\/IMG_20240418_143509_HDR-Copy-81x108.jpg 81w, http:\/\/mzs7krosno.pl\/wp-content\/uploads\/2024\/09\/IMG_20240418_143509_HDR-Copy.jpg 1506w\" sizes=\"auto, (max-width: 771px) 100vw, 771px\" \/><\/figure><\/li><li class=\"wp-block-jetpack-slideshow_slide swiper-slide\"><figure><img loading=\"lazy\" decoding=\"async\" width=\"771\" height=\"1024\" alt=\"\" class=\"wp-block-jetpack-slideshow_image wp-image-11148\" data-id=\"11148\" src=\"http:\/\/mzs7krosno.pl\/wp-content\/uploads\/2024\/09\/IMG_20240509_165546-Copy-771x1024.jpg\" srcset=\"http:\/\/mzs7krosno.pl\/wp-content\/uploads\/2024\/09\/IMG_20240509_165546-Copy-771x1024.jpg 771w, http:\/\/mzs7krosno.pl\/wp-content\/uploads\/2024\/09\/IMG_20240509_165546-Copy-226x300.jpg 226w, http:\/\/mzs7krosno.pl\/wp-content\/uploads\/2024\/09\/IMG_20240509_165546-Copy-768x1020.jpg 768w, http:\/\/mzs7krosno.pl\/wp-content\/uploads\/2024\/09\/IMG_20240509_165546-Copy-1157x1536.jpg 1157w, http:\/\/mzs7krosno.pl\/wp-content\/uploads\/2024\/09\/IMG_20240509_165546-Copy-863x1146.jpg 863w, http:\/\/mzs7krosno.pl\/wp-content\/uploads\/2024\/09\/IMG_20240509_165546-Copy-81x108.jpg 81w, http:\/\/mzs7krosno.pl\/wp-content\/uploads\/2024\/09\/IMG_20240509_165546-Copy.jpg 1506w\" sizes=\"auto, (max-width: 771px) 100vw, 771px\" \/><\/figure><\/li><li class=\"wp-block-jetpack-slideshow_slide swiper-slide\"><figure><img loading=\"lazy\" decoding=\"async\" width=\"1024\" height=\"771\" alt=\"\" class=\"wp-block-jetpack-slideshow_image wp-image-11149\" data-id=\"11149\" src=\"http:\/\/mzs7krosno.pl\/wp-content\/uploads\/2024\/09\/IMG_20240511_143437-Copy-1024x771.jpg\" srcset=\"http:\/\/mzs7krosno.pl\/wp-content\/uploads\/2024\/09\/IMG_20240511_143437-Copy-1024x771.jpg 1024w, http:\/\/mzs7krosno.pl\/wp-content\/uploads\/2024\/09\/IMG_20240511_143437-Copy-300x226.jpg 300w, http:\/\/mzs7krosno.pl\/wp-content\/uploads\/2024\/09\/IMG_20240511_143437-Copy-768x578.jpg 768w, http:\/\/mzs7krosno.pl\/wp-content\/uploads\/2024\/09\/IMG_20240511_143437-Copy-1536x1157.jpg 1536w, http:\/\/mzs7krosno.pl\/wp-content\/uploads\/2024\/09\/IMG_20240511_143437-Copy-863x650.jpg 863w, http:\/\/mzs7krosno.pl\/wp-content\/uploads\/2024\/09\/IMG_20240511_143437-Copy-143x108.jpg 143w, http:\/\/mzs7krosno.pl\/wp-content\/uploads\/2024\/09\/IMG_20240511_143437-Copy.jpg 2000w\" sizes=\"auto, (max-width: 1024px) 100vw, 1024px\" \/><\/figure><\/li><li class=\"wp-block-jetpack-slideshow_slide swiper-slide\"><figure><img loading=\"lazy\" decoding=\"async\" width=\"1024\" height=\"771\" alt=\"\" class=\"wp-block-jetpack-slideshow_image wp-image-11150\" data-id=\"11150\" src=\"http:\/\/mzs7krosno.pl\/wp-content\/uploads\/2024\/09\/IMG_20240525_122434-Copy-1024x771.jpg\" srcset=\"http:\/\/mzs7krosno.pl\/wp-content\/uploads\/2024\/09\/IMG_20240525_122434-Copy-1024x771.jpg 1024w, http:\/\/mzs7krosno.pl\/wp-content\/uploads\/2024\/09\/IMG_20240525_122434-Copy-300x226.jpg 300w, http:\/\/mzs7krosno.pl\/wp-content\/uploads\/2024\/09\/IMG_20240525_122434-Copy-768x578.jpg 768w, http:\/\/mzs7krosno.pl\/wp-content\/uploads\/2024\/09\/IMG_20240525_122434-Copy-1536x1157.jpg 1536w, http:\/\/mzs7krosno.pl\/wp-content\/uploads\/2024\/09\/IMG_20240525_122434-Copy-863x650.jpg 863w, http:\/\/mzs7krosno.pl\/wp-content\/uploads\/2024\/09\/IMG_20240525_122434-Copy-143x108.jpg 143w, http:\/\/mzs7krosno.pl\/wp-content\/uploads\/2024\/09\/IMG_20240525_122434-Copy.jpg 2000w\" sizes=\"auto, (max-width: 1024px) 100vw, 1024px\" \/><\/figure><\/li><li class=\"wp-block-jetpack-slideshow_slide swiper-slide\"><figure><img loading=\"lazy\" decoding=\"async\" width=\"1024\" height=\"771\" alt=\"\" class=\"wp-block-jetpack-slideshow_image wp-image-11151\" data-id=\"11151\" src=\"http:\/\/mzs7krosno.pl\/wp-content\/uploads\/2024\/09\/IMG_20240613_144049-Copy-1024x771.jpg\" srcset=\"http:\/\/mzs7krosno.pl\/wp-content\/uploads\/2024\/09\/IMG_20240613_144049-Copy-1024x771.jpg 1024w, http:\/\/mzs7krosno.pl\/wp-content\/uploads\/2024\/09\/IMG_20240613_144049-Copy-300x226.jpg 300w, http:\/\/mzs7krosno.pl\/wp-content\/uploads\/2024\/09\/IMG_20240613_144049-Copy-768x578.jpg 768w, http:\/\/mzs7krosno.pl\/wp-content\/uploads\/2024\/09\/IMG_20240613_144049-Copy-1536x1157.jpg 1536w, http:\/\/mzs7krosno.pl\/wp-content\/uploads\/2024\/09\/IMG_20240613_144049-Copy-863x650.jpg 863w, http:\/\/mzs7krosno.pl\/wp-content\/uploads\/2024\/09\/IMG_20240613_144049-Copy-143x108.jpg 143w, http:\/\/mzs7krosno.pl\/wp-content\/uploads\/2024\/09\/IMG_20240613_144049-Copy.jpg 2000w\" sizes=\"auto, (max-width: 1024px) 100vw, 1024px\" \/><\/figure><\/li><li class=\"wp-block-jetpack-slideshow_slide swiper-slide\"><figure><img loading=\"lazy\" decoding=\"async\" width=\"1024\" height=\"771\" alt=\"\" class=\"wp-block-jetpack-slideshow_image wp-image-11152\" data-id=\"11152\" src=\"http:\/\/mzs7krosno.pl\/wp-content\/uploads\/2024\/09\/IMG_20240613_150718-Copy-1024x771.jpg\" srcset=\"http:\/\/mzs7krosno.pl\/wp-content\/uploads\/2024\/09\/IMG_20240613_150718-Copy-1024x771.jpg 1024w, http:\/\/mzs7krosno.pl\/wp-content\/uploads\/2024\/09\/IMG_20240613_150718-Copy-300x226.jpg 300w, http:\/\/mzs7krosno.pl\/wp-content\/uploads\/2024\/09\/IMG_20240613_150718-Copy-768x578.jpg 768w, http:\/\/mzs7krosno.pl\/wp-content\/uploads\/2024\/09\/IMG_20240613_150718-Copy-1536x1157.jpg 1536w, http:\/\/mzs7krosno.pl\/wp-content\/uploads\/2024\/09\/IMG_20240613_150718-Copy-863x650.jpg 863w, http:\/\/mzs7krosno.pl\/wp-content\/uploads\/2024\/09\/IMG_20240613_150718-Copy-143x108.jpg 143w, http:\/\/mzs7krosno.pl\/wp-content\/uploads\/2024\/09\/IMG_20240613_150718-Copy.jpg 2000w\" sizes=\"auto, (max-width: 1024px) 100vw, 1024px\" \/><\/figure><\/li><li class=\"wp-block-jetpack-slideshow_slide swiper-slide\"><figure><img loading=\"lazy\" decoding=\"async\" width=\"771\" height=\"1024\" alt=\"\" class=\"wp-block-jetpack-slideshow_image wp-image-11146\" data-id=\"11146\" src=\"http:\/\/mzs7krosno.pl\/wp-content\/uploads\/2024\/09\/IMG_20240302_104343-Copy-771x1024.jpg\" srcset=\"http:\/\/mzs7krosno.pl\/wp-content\/uploads\/2024\/09\/IMG_20240302_104343-Copy-771x1024.jpg 771w, http:\/\/mzs7krosno.pl\/wp-content\/uploads\/2024\/09\/IMG_20240302_104343-Copy-226x300.jpg 226w, http:\/\/mzs7krosno.pl\/wp-content\/uploads\/2024\/09\/IMG_20240302_104343-Copy-768x1020.jpg 768w, http:\/\/mzs7krosno.pl\/wp-content\/uploads\/2024\/09\/IMG_20240302_104343-Copy-1157x1536.jpg 1157w, http:\/\/mzs7krosno.pl\/wp-content\/uploads\/2024\/09\/IMG_20240302_104343-Copy-863x1146.jpg 863w, http:\/\/mzs7krosno.pl\/wp-content\/uploads\/2024\/09\/IMG_20240302_104343-Copy-81x108.jpg 81w, http:\/\/mzs7krosno.pl\/wp-content\/uploads\/2024\/09\/IMG_20240302_104343-Copy.jpg 1506w\" sizes=\"auto, (max-width: 771px) 100vw, 771px\" \/><\/figure><\/li><li class=\"wp-block-jetpack-slideshow_slide swiper-slide\"><figure><img loading=\"lazy\" decoding=\"async\" width=\"1024\" height=\"768\" alt=\"\" class=\"wp-block-jetpack-slideshow_image wp-image-11145\" data-id=\"11145\" src=\"http:\/\/mzs7krosno.pl\/wp-content\/uploads\/2024\/09\/IMG_20221008_103633-Copy-1024x768.jpg\" srcset=\"http:\/\/mzs7krosno.pl\/wp-content\/uploads\/2024\/09\/IMG_20221008_103633-Copy-1024x768.jpg 1024w, http:\/\/mzs7krosno.pl\/wp-content\/uploads\/2024\/09\/IMG_20221008_103633-Copy-300x225.jpg 300w, http:\/\/mzs7krosno.pl\/wp-content\/uploads\/2024\/09\/IMG_20221008_103633-Copy-768x576.jpg 768w, http:\/\/mzs7krosno.pl\/wp-content\/uploads\/2024\/09\/IMG_20221008_103633-Copy-1536x1152.jpg 1536w, http:\/\/mzs7krosno.pl\/wp-content\/uploads\/2024\/09\/IMG_20221008_103633-Copy-863x647.jpg 863w, http:\/\/mzs7krosno.pl\/wp-content\/uploads\/2024\/09\/IMG_20221008_103633-Copy-144x108.jpg 144w, http:\/\/mzs7krosno.pl\/wp-content\/uploads\/2024\/09\/IMG_20221008_103633-Copy.jpg 2000w\" sizes=\"auto, (max-width: 1024px) 100vw, 1024px\" \/><\/figure><\/li><li class=\"wp-block-jetpack-slideshow_slide swiper-slide\"><figure><img loading=\"lazy\" decoding=\"async\" width=\"768\" height=\"1024\" alt=\"\" class=\"wp-block-jetpack-slideshow_image wp-image-11144\" data-id=\"11144\" src=\"http:\/\/mzs7krosno.pl\/wp-content\/uploads\/2024\/09\/IMG_20220611_110929-Copy-768x1024.jpg\" srcset=\"http:\/\/mzs7krosno.pl\/wp-content\/uploads\/2024\/09\/IMG_20220611_110929-Copy-768x1024.jpg 768w, http:\/\/mzs7krosno.pl\/wp-content\/uploads\/2024\/09\/IMG_20220611_110929-Copy-225x300.jpg 225w, http:\/\/mzs7krosno.pl\/wp-content\/uploads\/2024\/09\/IMG_20220611_110929-Copy-1152x1536.jpg 1152w, http:\/\/mzs7krosno.pl\/wp-content\/uploads\/2024\/09\/IMG_20220611_110929-Copy-863x1151.jpg 863w, http:\/\/mzs7krosno.pl\/wp-content\/uploads\/2024\/09\/IMG_20220611_110929-Copy-81x108.jpg 81w, http:\/\/mzs7krosno.pl\/wp-content\/uploads\/2024\/09\/IMG_20220611_110929-Copy.jpg 1500w\" sizes=\"auto, (max-width: 768px) 100vw, 768px\" \/><\/figure><\/li><\/ul><a class=\"wp-block-jetpack-slideshow_button-prev swiper-button-prev swiper-button-white\" role=\"button\"><\/a><a class=\"wp-block-jetpack-slideshow_button-next swiper-button-next swiper-button-white\" role=\"button\"><\/a><a aria-label=\"Pause Slideshow\" class=\"wp-block-jetpack-slideshow_button-pause\" role=\"button\"><\/a><div class=\"wp-block-jetpack-slideshow_pagination swiper-pagination swiper-pagination-white\"><\/div><\/div><\/div>\n","protected":false},"excerpt":{"rendered":"<p>Przy naszej szkole dzia\u0142a 1 Gromada Zuchowa &#8222;Dzielne Wilczki&#8221;. Dzieci z klas I-III ucz\u0105 si\u0119 na zbi\u00f3rkach jak by\u0107 dzielnymi, zaradnymi i ch\u0119tnymi do pomagania dziewczynkami i ch\u0142opcami oraz zdobywaj\u0105 wiele warto\u015bciowych umiej\u0119tno\u015bci. Przez zabaw\u0119 zuchy ucz\u0105 si\u0119 samodzielno\u015bci i kole\u017ce\u0144stwa. Maj\u0105 r\u00f3wnie\u017c swoje zwyczaje i tajemnice. Jak tylko pogoda nam pozwala&nbsp; czas sp\u0119dzamy w &hellip; <a href=\"http:\/\/mzs7krosno.pl\/index.php\/gromada-zuchowa\/\" class=\"more-link\">Continue reading <span class=\"screen-reader-text\">Gromada Zuchowa<\/span><\/a><\/p>\n","protected":false},"author":5,"featured_media":0,"parent":0,"menu_order":0,"comment_status":"closed","ping_status":"closed","template":"","meta":{"ngg_post_thumbnail":0,"footnotes":""},"class_list":["post-11142","page","type-page","status-publish","hentry"],"aioseo_notices":[],"_links":{"self":[{"href":"http:\/\/mzs7krosno.pl\/index.php\/wp-json\/wp\/v2\/pages\/11142","targetHints":{"allow":["GET"]}}],"collection":[{"href":"http:\/\/mzs7krosno.pl\/index.php\/wp-json\/wp\/v2\/pages"}],"about":[{"href":"http:\/\/mzs7krosno.pl\/index.php\/wp-json\/wp\/v2\/types\/page"}],"author":[{"embeddable":true,"href":"http:\/\/mzs7krosno.pl\/index.php\/wp-json\/wp\/v2\/users\/5"}],"replies":[{"embeddable":true,"href":"http:\/\/mzs7krosno.pl\/index.php\/wp-json\/wp\/v2\/comments?post=11142"}],"version-history":[{"count":2,"href":"http:\/\/mzs7krosno.pl\/index.php\/wp-json\/wp\/v2\/pages\/11142\/revisions"}],"predecessor-version":[{"id":11160,"href":"http:\/\/mzs7krosno.pl\/index.php\/wp-json\/wp\/v2\/pages\/11142\/revisions\/11160"}],"wp:attachment":[{"href":"http:\/\/mzs7krosno.pl\/index.php\/wp-json\/wp\/v2\/media?parent=11142"}],"curies":[{"name":"wp","href":"https:\/\/api.w.org\/{rel}","templated":true}]}}