{"id":12410,"date":"2025-11-30T17:57:05","date_gmt":"2025-11-30T16:57:05","guid":{"rendered":"http:\/\/mzs7krosno.pl\/?page_id=12410"},"modified":"2025-11-30T18:03:20","modified_gmt":"2025-11-30T17:03:20","slug":"przykladowe-testy-na-karte-rowerowa","status":"publish","type":"page","link":"http:\/\/mzs7krosno.pl\/index.php\/przykladowe-testy-na-karte-rowerowa\/","title":{"rendered":"Przyk\u0142adowe testy na kart\u0119 rowerow\u0105"},"content":{"rendered":"<div class=\"wp-block-image\">\n<figure class=\"alignright size-full is-resized\"><img loading=\"lazy\" decoding=\"async\" width=\"1024\" height=\"1024\" src=\"http:\/\/mzs7krosno.pl\/wp-content\/uploads\/2025\/11\/karta-rowerowa.jpg\" alt=\"\" class=\"wp-image-12425\" style=\"width:371px;height:auto\" srcset=\"http:\/\/mzs7krosno.pl\/wp-content\/uploads\/2025\/11\/karta-rowerowa.jpg 1024w, http:\/\/mzs7krosno.pl\/wp-content\/uploads\/2025\/11\/karta-rowerowa-300x300.jpg 300w, http:\/\/mzs7krosno.pl\/wp-content\/uploads\/2025\/11\/karta-rowerowa-150x150.jpg 150w, http:\/\/mzs7krosno.pl\/wp-content\/uploads\/2025\/11\/karta-rowerowa-768x768.jpg 768w, http:\/\/mzs7krosno.pl\/wp-content\/uploads\/2025\/11\/karta-rowerowa-863x863.jpg 863w, http:\/\/mzs7krosno.pl\/wp-content\/uploads\/2025\/11\/karta-rowerowa-108x108.jpg 108w\" sizes=\"auto, (max-width: 1024px) 100vw, 1024px\" \/><\/figure>\n<\/div>\n\n\n<p><a href=\"http:\/\/mzs7krosno.pl\/wp-content\/uploads\/2025\/11\/test_na_karte_01_KR2011.pdf\" target=\"_blank\" rel=\"noopener\" title=\"\">Test 1<\/a><br><a href=\"http:\/\/mzs7krosno.pl\/wp-content\/uploads\/2025\/11\/test_na_karte_02_KR2011.pdf\" target=\"_blank\" rel=\"noopener\" title=\"\">Test 2<\/a><br><a href=\"http:\/\/mzs7krosno.pl\/wp-content\/uploads\/2025\/11\/test_na_karte_03_KR2011.pdf\" target=\"_blank\" rel=\"noopener\" title=\"\">Test 3<\/a><br><a href=\"http:\/\/mzs7krosno.pl\/wp-content\/uploads\/2025\/11\/test_na_karte_04_KR2011.pdf\" target=\"_blank\" rel=\"noopener\" title=\"\">Test 4<\/a><br><a href=\"http:\/\/mzs7krosno.pl\/wp-content\/uploads\/2025\/11\/test_na_karte_05_KR2011.pdf\" target=\"_blank\" rel=\"noopener\" title=\"\">Test 5<\/a><br><a href=\"http:\/\/mzs7krosno.pl\/wp-content\/uploads\/2025\/11\/test_na_karte_06_KR2011.pdf\" target=\"_blank\" rel=\"noopener\" title=\"\">Test 6<\/a><br><a href=\"http:\/\/mzs7krosno.pl\/wp-content\/uploads\/2025\/11\/test_na_karte_07_KR2011.pdf\" target=\"_blank\" rel=\"noopener\" title=\"\">Test 7<\/a><br><a href=\"http:\/\/mzs7krosno.pl\/wp-content\/uploads\/2025\/11\/test_na_karte_08_KR2011.pdf\" target=\"_blank\" rel=\"noopener\" title=\"\">Test 8<\/a><br><a href=\"http:\/\/mzs7krosno.pl\/wp-content\/uploads\/2025\/11\/test_na_karte_09_KR2011.pdf\" target=\"_blank\" rel=\"noopener\" title=\"\">Test 9<\/a><br><a href=\"http:\/\/mzs7krosno.pl\/wp-content\/uploads\/2025\/11\/test_na_karte_10_KR2011.pdf\" target=\"_blank\" rel=\"noopener\" title=\"\">Test 10<\/a><\/p>\n\n\n\n<p><a href=\"http:\/\/mzs7krosno.pl\/wp-content\/uploads\/2025\/11\/karta_szablon_odpowiedzi_KR2011-2.pdf\" target=\"_blank\" rel=\"noopener\" title=\"\">Klucz odpowiedzi<\/a><\/p>\n","protected":false},"excerpt":{"rendered":"<p>Test 1Test 2Test 3Test 4Test 5Test 6Test 7Test 8Test 9Test 10 Klucz odpowiedzi<\/p>\n","protected":false},"author":5,"featured_media":0,"parent":0,"menu_order":0,"comment_status":"closed","ping_status":"closed","template":"","meta":{"ngg_post_thumbnail":0,"footnotes":""},"class_list":["post-12410","page","type-page","status-publish","hentry"],"aioseo_notices":[],"_links":{"self":[{"href":"http:\/\/mzs7krosno.pl\/index.php\/wp-json\/wp\/v2\/pages\/12410","targetHints":{"allow":["GET"]}}],"collection":[{"href":"http:\/\/mzs7krosno.pl\/index.php\/wp-json\/wp\/v2\/pages"}],"about":[{"href":"http:\/\/mzs7krosno.pl\/index.php\/wp-json\/wp\/v2\/types\/page"}],"author":[{"embeddable":true,"href":"http:\/\/mzs7krosno.pl\/index.php\/wp-json\/wp\/v2\/users\/5"}],"replies":[{"embeddable":true,"href":"http:\/\/mzs7krosno.pl\/index.php\/wp-json\/wp\/v2\/comments?post=12410"}],"version-history":[{"count":5,"href":"http:\/\/mzs7krosno.pl\/index.php\/wp-json\/wp\/v2\/pages\/12410\/revisions"}],"predecessor-version":[{"id":12427,"href":"http:\/\/mzs7krosno.pl\/index.php\/wp-json\/wp\/v2\/pages\/12410\/revisions\/12427"}],"wp:attachment":[{"href":"http:\/\/mzs7krosno.pl\/index.php\/wp-json\/wp\/v2\/media?parent=12410"}],"curies":[{"name":"wp","href":"https:\/\/api.w.org\/{rel}","templated":true}]}}