{"id":2,"date":"2016-12-28T07:06:54","date_gmt":"2016-12-28T07:06:54","guid":{"rendered":"https:\/\/sp4krosno.wordpress.com\/?page_id=2"},"modified":"2019-08-27T12:57:03","modified_gmt":"2019-08-27T10:57:03","slug":"about","status":"publish","type":"page","link":"http:\/\/mzs7krosno.pl\/index.php\/about\/","title":{"rendered":"O szkole"},"content":{"rendered":"<p><strong>Szko\u0142a Podstawowa nr 4 w Kro\u015bnie &#8211; historia i dzieje najnowsze<\/strong><\/p>\n<p style=\"text-align:justify;\"><img loading=\"lazy\" decoding=\"async\" class=\"  wp-image-397 alignleft\" src=\"https:\/\/sp4krosno.files.wordpress.com\/2016\/12\/szkola.jpg\" alt=\"szkola\" width=\"361\" height=\"233\" srcset=\"http:\/\/mzs7krosno.pl\/wp-content\/uploads\/2016\/12\/szkola.jpg 856w, http:\/\/mzs7krosno.pl\/wp-content\/uploads\/2016\/12\/szkola-300x194.jpg 300w, http:\/\/mzs7krosno.pl\/wp-content\/uploads\/2016\/12\/szkola-768x496.jpg 768w, http:\/\/mzs7krosno.pl\/wp-content\/uploads\/2016\/12\/szkola-167x108.jpg 167w\" sizes=\"auto, (max-width: 361px) 100vw, 361px\" \/>Szko\u0142a Podstawowa nr 4 &#8211; jest to szko\u0142a z d\u0142ugoletnimi tradycjami &#8211; swoj\u0105 dzia\u0142alno\u015b\u0107 rozpocz\u0119\u0142a w 1898 roku.&nbsp; Na pocz\u0105tku by\u0142a szko\u0142\u0105 jednoklasow\u0105, w kt\u00f3rej uczy\u0142y dwie siostry zakonne, ale ju\u017c w 1901 roku sta\u0142a si\u0119 szko\u0142\u0105 czteroklasow\u0105. W 1921 roku szko\u0142a zacz\u0119\u0142a dzia\u0142a\u0107 na zasadzie szko\u0142y sze\u015bcioklasowej, a w 1923 &#8211; jako szko\u0142a siedmioklasowa i tak pozosta\u0142o a\u017c do wybuchu II wojny \u015bwiatowej.<\/p>\n<p style=\"text-align:justify;\">Po wojnie podj\u0119to starania o rozbudow\u0119 szko\u0142y, poniewa\u017c nauka prowadzona by\u0142a na dwie zmiany. Siostry Felicjanki, kt\u00f3re do tej pory prowadzi\u0142y zaj\u0119cia, zosta\u0142y zmuszone do opuszczenia szko\u0142y, kt\u00f3ra od tej pory sta\u0142a si\u0119 szko\u0142\u0105 \u015bwieck\u0105. W roku 1966 wprowadzono o\u015bmioletni\u0105 szko\u0142\u0119 podstawow\u0105. Od samego pocz\u0105tku &#8222;czw\u00f3rka&#8221; by\u0142a szko\u0142\u0105, kt\u00f3ra bardzo dobrze przygotowywa\u0142a m\u0142odzie\u017c do szk\u00f3\u0142 \u015brednich. Uczniowie naszej szko\u0142y byli wielokrotnie laureatami olimpiad przedmiotowych i konkurs\u00f3w. Dzia\u0142a w niej wiele k\u00f3\u0142ek zainteresowa\u0144, w kt\u00f3rych ka\u017cde dziecko mo\u017ce znale\u017a\u0107 co\u015b dla siebie &#8211; matematyczne,&nbsp; informatyczne,&nbsp; SKS, LOP, PCK, prowadzone s\u0105 r\u00f3wnie\u017c zaj\u0119cia innowacyjne. Po wprowadzeniu reformy o\u015bwiaty, szko\u0142a sta\u0142a si\u0119 ponownie szko\u0142\u0105 sze\u015bcioklasow\u0105, co nie przeszkadza w dalszym kultywowaniu tradycji szko\u0142y i rzetelnym przygotowywaniu m\u0142odzie\u017cy &#8211; tym razem do gimnazjum.<\/p>\n<p style=\"text-align:justify;\">Obecnie dyrektorem Szko\u0142y Podstawowej nr 4 w Kro\u015bnie jest pani mgr El\u017cbieta Wilk.<br \/>\nW szkole zatrudnionych&nbsp; jest 20 nauczycieli, kt\u00f3rzy dbaj\u0105 o prawid\u0142owy rozw\u00f3j dzieci, pocz\u0105wszy od klasy I do VI.<\/p>\n<p>&nbsp;<\/p>\n<p><strong>&nbsp;<\/strong><\/p>\n<p>&nbsp;<\/p>\n","protected":false},"excerpt":{"rendered":"<p>This is just a short excerpt for the about&nbsp;page.<\/p>\n","protected":false},"author":1,"featured_media":0,"parent":0,"menu_order":1,"comment_status":"closed","ping_status":"closed","template":"","meta":{"ngg_post_thumbnail":0,"footnotes":""},"class_list":["post-2","page","type-page","status-publish","hentry"],"aioseo_notices":[],"_links":{"self":[{"href":"http:\/\/mzs7krosno.pl\/index.php\/wp-json\/wp\/v2\/pages\/2","targetHints":{"allow":["GET"]}}],"collection":[{"href":"http:\/\/mzs7krosno.pl\/index.php\/wp-json\/wp\/v2\/pages"}],"about":[{"href":"http:\/\/mzs7krosno.pl\/index.php\/wp-json\/wp\/v2\/types\/page"}],"author":[{"embeddable":true,"href":"http:\/\/mzs7krosno.pl\/index.php\/wp-json\/wp\/v2\/users\/1"}],"replies":[{"embeddable":true,"href":"http:\/\/mzs7krosno.pl\/index.php\/wp-json\/wp\/v2\/comments?post=2"}],"version-history":[{"count":1,"href":"http:\/\/mzs7krosno.pl\/index.php\/wp-json\/wp\/v2\/pages\/2\/revisions"}],"predecessor-version":[{"id":5047,"href":"http:\/\/mzs7krosno.pl\/index.php\/wp-json\/wp\/v2\/pages\/2\/revisions\/5047"}],"wp:attachment":[{"href":"http:\/\/mzs7krosno.pl\/index.php\/wp-json\/wp\/v2\/media?parent=2"}],"curies":[{"name":"wp","href":"https:\/\/api.w.org\/{rel}","templated":true}]}}