{"id":2978,"date":"2017-09-11T19:50:51","date_gmt":"2017-09-11T18:50:51","guid":{"rendered":"https:\/\/sp4krosno.wordpress.com\/?page_id=2978"},"modified":"2025-09-09T13:56:31","modified_gmt":"2025-09-09T11:56:31","slug":"ubezpieczenie-2017-2018","status":"publish","type":"page","link":"http:\/\/mzs7krosno.pl\/index.php\/ubezpieczenie-2017-2018\/","title":{"rendered":"Ubezpieczenie"},"content":{"rendered":"<div class=\"wp-block-image\">\n<figure class=\"aligncenter size-large is-resized\"><img loading=\"lazy\" decoding=\"async\" width=\"300\" height=\"153\" src=\"http:\/\/mzs7krosno.pl\/wp-content\/uploads\/2020\/09\/ubezpieczenie2020-21.png\" alt=\"\" class=\"wp-image-6170\" style=\"aspect-ratio:1.9603960396039604;width:316px;height:auto\" srcset=\"http:\/\/mzs7krosno.pl\/wp-content\/uploads\/2020\/09\/ubezpieczenie2020-21.png 300w, http:\/\/mzs7krosno.pl\/wp-content\/uploads\/2020\/09\/ubezpieczenie2020-21-212x108.png 212w\" sizes=\"auto, (max-width: 300px) 100vw, 300px\" \/><\/figure>\n<\/div>\n\n<h1 class=\"entry-title\"><span style=\"color: initial; font-size: 18px;\">W roku 2025\/26 od nast\u0119pstw nieszcz\u0119\u015bliwych wypadk\u00f3w uczni\u00f3w ubezpiecza firma InterRisk.<\/span><\/h1>\n<div class=\"entry-content\">\n<div>Wp\u0142aty b\u0119d\u0105 przyjmowa\u0107 wychowawcy do 30&nbsp; wrze\u015bnia. Sk\u0142adka roczna za okres 1.09.2025 \u2013 31. 08. 2026 wynosi 55 z\u0142. Szczeg\u00f3\u0142owe informacje o warunkach ubezpieczenia znajduj\u0105 si\u0119 w za\u0142\u0105cznikach.<\/div>\n<\/div>\n<p><strong>Za\u0142\u0105czniki do pobrania:<\/strong><\/p>\n<ul>\n<li><a href=\"http:\/\/mzs7krosno.pl\/wp-content\/uploads\/2025\/09\/Oferta-ubezpieczenia-szkolnego-dla-MZS7-na-rok-2025-2026.pdf\">Oferta ubezpieczenia<\/a><\/li>\n<li><a href=\"http:\/\/mzs7krosno.pl\/wp-content\/uploads\/2025\/09\/IPID-EDU-PLUS-obowiazujacy-od-dnia-28.03.2024.pdf\">Karta produktu<\/a><\/li>\n<li><a href=\"http:\/\/mzs7krosno.pl\/wp-content\/uploads\/2025\/09\/Klauzula-informacyjna-InterRisk.pdf\">Klauzula informacyjna InterRisk<\/a><\/li>\n<li><a href=\"http:\/\/mzs7krosno.pl\/wp-content\/uploads\/2025\/09\/Jak-zglosic-roszczenie-z-ubezpieczenia-EDU-Plus-2.pdf\">Instrukcja zg\u0142oszenia roszczenia<\/a><\/li>\n<li><a href=\"http:\/\/mzs7krosno.pl\/wp-content\/uploads\/2025\/09\/Jak-zglosic-roszczenie-z-ubezpieczenia-EDU-Plus.pdf\">Zg\u0142oszenie roszczenia<\/a><\/li>\n<li><a href=\"http:\/\/mzs7krosno.pl\/wp-content\/uploads\/2025\/09\/OPCJA-PODSTAWOWA-POSTANOWIENIA-DODATKOWE-I-ODMIENNE-RZESZOW-2024_20052024_DUO.pdf\">Postanowienia dodatkowe<\/a><\/li>\n<li><a href=\"http:\/\/mzs7krosno.pl\/wp-content\/uploads\/2025\/09\/IPID-EDU-PLUS-obowiazujacy-od-dnia-28.03.2024-2.pdf\">Informacje o produkcie ubezpieczenia<\/a><\/li>\n<\/ul>\n\n\n<p><\/p>\n","protected":false},"excerpt":{"rendered":"<p>W roku 2025\/26 od nast\u0119pstw nieszcz\u0119\u015bliwych wypadk\u00f3w uczni\u00f3w ubezpiecza firma InterRisk. Wp\u0142aty b\u0119d\u0105 przyjmowa\u0107 wychowawcy do 30&nbsp; wrze\u015bnia. Sk\u0142adka roczna za okres 1.09.2025 \u2013 31. 08. 2026 wynosi 55 z\u0142. Szczeg\u00f3\u0142owe informacje o warunkach ubezpieczenia znajduj\u0105 si\u0119 w za\u0142\u0105cznikach. Za\u0142\u0105czniki do pobrania: Oferta ubezpieczenia Karta produktu Klauzula informacyjna InterRisk Instrukcja zg\u0142oszenia roszczenia Zg\u0142oszenie roszczenia Postanowienia &hellip; <a href=\"http:\/\/mzs7krosno.pl\/index.php\/ubezpieczenie-2017-2018\/\" class=\"more-link\">Continue reading <span class=\"screen-reader-text\">Ubezpieczenie<\/span><\/a><\/p>\n","protected":false},"author":1,"featured_media":0,"parent":0,"menu_order":0,"comment_status":"closed","ping_status":"closed","template":"","meta":{"ngg_post_thumbnail":0,"footnotes":""},"class_list":["post-2978","page","type-page","status-publish","hentry"],"aioseo_notices":[],"_links":{"self":[{"href":"http:\/\/mzs7krosno.pl\/index.php\/wp-json\/wp\/v2\/pages\/2978","targetHints":{"allow":["GET"]}}],"collection":[{"href":"http:\/\/mzs7krosno.pl\/index.php\/wp-json\/wp\/v2\/pages"}],"about":[{"href":"http:\/\/mzs7krosno.pl\/index.php\/wp-json\/wp\/v2\/types\/page"}],"author":[{"embeddable":true,"href":"http:\/\/mzs7krosno.pl\/index.php\/wp-json\/wp\/v2\/users\/1"}],"replies":[{"embeddable":true,"href":"http:\/\/mzs7krosno.pl\/index.php\/wp-json\/wp\/v2\/comments?post=2978"}],"version-history":[{"count":64,"href":"http:\/\/mzs7krosno.pl\/index.php\/wp-json\/wp\/v2\/pages\/2978\/revisions"}],"predecessor-version":[{"id":12075,"href":"http:\/\/mzs7krosno.pl\/index.php\/wp-json\/wp\/v2\/pages\/2978\/revisions\/12075"}],"wp:attachment":[{"href":"http:\/\/mzs7krosno.pl\/index.php\/wp-json\/wp\/v2\/media?parent=2978"}],"curies":[{"name":"wp","href":"https:\/\/api.w.org\/{rel}","templated":true}]}}