{"id":343,"date":"2016-12-28T22:52:30","date_gmt":"2016-12-28T21:52:30","guid":{"rendered":"https:\/\/sp4krosno.wordpress.com\/?page_id=343"},"modified":"2021-08-31T18:09:42","modified_gmt":"2021-08-31T16:09:42","slug":"terapia-pedagogiczna","status":"publish","type":"page","link":"http:\/\/mzs7krosno.pl\/index.php\/terapia-pedagogiczna\/","title":{"rendered":"Terapia pedagogiczna"},"content":{"rendered":"<p><img loading=\"lazy\" decoding=\"async\" class=\"  wp-image-344 alignleft\" src=\"https:\/\/sp4krosno.files.wordpress.com\/2016\/12\/terapia.png\" alt=\"terapia\" width=\"213\" height=\"161\" srcset=\"http:\/\/mzs7krosno.pl\/wp-content\/uploads\/2016\/12\/terapia.png 460w, http:\/\/mzs7krosno.pl\/wp-content\/uploads\/2016\/12\/terapia-300x226.png 300w, http:\/\/mzs7krosno.pl\/wp-content\/uploads\/2016\/12\/terapia-143x108.png 143w\" sizes=\"auto, (max-width: 213px) 100vw, 213px\" \/><\/p>\n<p style=\"text-align: justify;\"><span style=\"font-family: Verdana, sans-serif; color: #000000;\">W Szkole Podstawowej nr 4 w Kro\u015bnie wszyscy uczniowie posiadaj\u0105cy orzeczenie MPPP obj\u0119ci s\u0105 dodatkow\u0105 pomoc\u0105 terapeutyczn\u0105, prowadzon\u0105 przez nauczyciela \u2013 terapeut\u0119. Zaj\u0119cia rewalidacyjne odbywaj\u0105 si\u0119 najcz\u0119\u015bciej w wymiarze<br \/>\n1 godziny tygodniowo. Rodzaj pomocy dobierany jest indywidualnie do ka\u017cdego dziecka, zgodnie z zaleceniami specjalist\u00f3w orzekaj\u0105cych o potrzebie takich zaj\u0119\u0107.<\/span><\/p>\n<p style=\"text-align: justify;\"><span style=\"font-family: Verdana, sans-serif; color: #000000;\">&nbsp;&nbsp;&nbsp;&nbsp;&nbsp;&nbsp;&nbsp; Terapeuta dostosowuje formy i metody pracy do indywidualnych zainteresowa\u0144 i zdolno\u015bci uczni\u00f3w oraz stymuluje wszystkie dziedziny aktywno\u015bci dziecka, a szczeg\u00f3lnie: j\u0119zykow\u0105, matematyczno \u2013 przyrodnicz\u0105, artystyczn\u0105, ruchow\u0105<br \/>\ni komunikacyjno \u2013 informacyjn\u0105, a tak\u017ce spo\u0142eczn\u0105. Wykorzystuje si\u0119 bogaty zestaw \u015brodk\u00f3w dydaktycznych, kt\u00f3re wieloaspektowo i wielowymiarowo stymuluj\u0105 rozw\u00f3j dzieci oraz kszta\u0142tuj\u0105 umiej\u0119tno\u015b\u0107 uczenia si\u0119 i samokontroli, motywuj\u0105 do samodzielnych dzia\u0142a\u0144, daj\u0105c mo\u017cliwo\u015b\u0107 odczucia sukcesu i rado\u015bci z pokonywania przeszk\u00f3d i zdobywania nowej wiedzy.<\/span><\/p>\n<p style=\"text-align: justify;\"><span style=\"font-family: Verdana, sans-serif; color: #000000;\">&nbsp;&nbsp;&nbsp;&nbsp;&nbsp;&nbsp;&nbsp; Praca terapeutyczna opiera si\u0119 na \u015bcis\u0142ej wsp\u00f3\u0142pracy z rodzicami dzieci obj\u0119tych t\u0105 form\u0105 pomocy oraz wychowawcami<br \/>\ni nauczycielami.<\/span><\/p>\n","protected":false},"excerpt":{"rendered":"<p>W Szkole Podstawowej nr 4 w Kro\u015bnie wszyscy uczniowie posiadaj\u0105cy orzeczenie MPPP obj\u0119ci s\u0105 dodatkow\u0105 pomoc\u0105 terapeutyczn\u0105, prowadzon\u0105 przez nauczyciela \u2013 terapeut\u0119. Zaj\u0119cia rewalidacyjne odbywaj\u0105 si\u0119 najcz\u0119\u015bciej w wymiarze 1 godziny tygodniowo. Rodzaj pomocy dobierany jest indywidualnie do ka\u017cdego dziecka, zgodnie z zaleceniami specjalist\u00f3w orzekaj\u0105cych o potrzebie takich zaj\u0119\u0107. &nbsp;&nbsp;&nbsp;&nbsp;&nbsp;&nbsp;&nbsp; Terapeuta dostosowuje formy i metody &hellip; <a href=\"http:\/\/mzs7krosno.pl\/index.php\/terapia-pedagogiczna\/\" class=\"more-link\">Continue reading <span class=\"screen-reader-text\">Terapia pedagogiczna<\/span><\/a><\/p>\n","protected":false},"author":1,"featured_media":0,"parent":0,"menu_order":0,"comment_status":"closed","ping_status":"closed","template":"","meta":{"ngg_post_thumbnail":0,"footnotes":""},"class_list":["post-343","page","type-page","status-publish","hentry"],"aioseo_notices":[],"_links":{"self":[{"href":"http:\/\/mzs7krosno.pl\/index.php\/wp-json\/wp\/v2\/pages\/343","targetHints":{"allow":["GET"]}}],"collection":[{"href":"http:\/\/mzs7krosno.pl\/index.php\/wp-json\/wp\/v2\/pages"}],"about":[{"href":"http:\/\/mzs7krosno.pl\/index.php\/wp-json\/wp\/v2\/types\/page"}],"author":[{"embeddable":true,"href":"http:\/\/mzs7krosno.pl\/index.php\/wp-json\/wp\/v2\/users\/1"}],"replies":[{"embeddable":true,"href":"http:\/\/mzs7krosno.pl\/index.php\/wp-json\/wp\/v2\/comments?post=343"}],"version-history":[{"count":1,"href":"http:\/\/mzs7krosno.pl\/index.php\/wp-json\/wp\/v2\/pages\/343\/revisions"}],"predecessor-version":[{"id":6897,"href":"http:\/\/mzs7krosno.pl\/index.php\/wp-json\/wp\/v2\/pages\/343\/revisions\/6897"}],"wp:attachment":[{"href":"http:\/\/mzs7krosno.pl\/index.php\/wp-json\/wp\/v2\/media?parent=343"}],"curies":[{"name":"wp","href":"https:\/\/api.w.org\/{rel}","templated":true}]}}