{"id":369,"date":"2016-12-29T09:00:44","date_gmt":"2016-12-29T08:00:44","guid":{"rendered":"https:\/\/sp4krosno.wordpress.com\/?page_id=369"},"modified":"2025-08-29T22:57:05","modified_gmt":"2025-08-29T20:57:05","slug":"dni-wolne","status":"publish","type":"page","link":"http:\/\/mzs7krosno.pl\/index.php\/dni-wolne\/","title":{"rendered":"Dni wolne"},"content":{"rendered":"<div class=\"wp-block-image\">\n<figure class=\"aligncenter size-large is-resized\"><img loading=\"lazy\" decoding=\"async\" width=\"1024\" height=\"1024\" src=\"http:\/\/mzs7krosno.pl\/wp-content\/uploads\/2020\/09\/usmiech-1024x1024.jpg\" alt=\"\" class=\"wp-image-6207\" style=\"width:42px;height:42px\" srcset=\"http:\/\/mzs7krosno.pl\/wp-content\/uploads\/2020\/09\/usmiech.jpg 1024w, http:\/\/mzs7krosno.pl\/wp-content\/uploads\/2020\/09\/usmiech-300x300.jpg 300w, http:\/\/mzs7krosno.pl\/wp-content\/uploads\/2020\/09\/usmiech-150x150.jpg 150w, http:\/\/mzs7krosno.pl\/wp-content\/uploads\/2020\/09\/usmiech-768x768.jpg 768w, http:\/\/mzs7krosno.pl\/wp-content\/uploads\/2020\/09\/usmiech-863x863.jpg 863w, http:\/\/mzs7krosno.pl\/wp-content\/uploads\/2020\/09\/usmiech-108x108.jpg 108w\" sizes=\"auto, (max-width: 1024px) 100vw, 1024px\" \/><\/figure>\n<\/div>\n\n<div style=\"text-align: center;\" align=\"left\">\n<h4><b>Dodatkowe dni wolne <br>od zaj\u0119\u0107 dydaktyczno &#8211; wychowawczych:<\/b><\/h4>\n<p style=\"text-align: left;\">13.10.2025 r.&nbsp; &#8211; poniedzia\u0142ek<\/p>\n<p style=\"text-align: left;\">14.10.2025 r. &#8211; \u015awi\u0119to Komisji Edukacji Narodowej<\/p>\n<p style=\"text-align: left;\">10.11.2025 r. &#8211; poniedzia\u0142ek<\/p>\n<p style=\"text-align: left;\">2 01. 2026 r. &#8211; pi\u0105tek po \u015bwi\u0119tach<\/p>\n<p style=\"text-align: left;\">5.01.2026 r. &#8211; poniedzia\u0142ek<\/p>\n<p style=\"text-align: left;\">11 &#8211; 13.05. 2026 r. &#8211; poniedzia\u0142ek, wtorek, \u015broda &#8211; egzamin \u00f3smoklasisty<\/p>\n<p style=\"text-align: left;\">5.06. 2026 r. &#8211; pi\u0105tek po Bo\u017cym Ciele<\/p>\n<p style=\"text-align: left;\">&nbsp;<\/p>\n<\/div>\n<div align=\"center\">\n<div>&nbsp;<\/div>\n<\/div>","protected":false},"excerpt":{"rendered":"<p>Dodatkowe dni wolne od zaj\u0119\u0107 dydaktyczno &#8211; wychowawczych: 13.10.2025 r.&nbsp; &#8211; poniedzia\u0142ek 14.10.2025 r. &#8211; \u015awi\u0119to Komisji Edukacji Narodowej 10.11.2025 r. &#8211; poniedzia\u0142ek 2 01. 2026 r. &#8211; pi\u0105tek po \u015bwi\u0119tach 5.01.2026 r. &#8211; poniedzia\u0142ek 11 &#8211; 13.05. 2026 r. &#8211; poniedzia\u0142ek, wtorek, \u015broda &#8211; egzamin \u00f3smoklasisty 5.06. 2026 r. &#8211; pi\u0105tek po Bo\u017cym Ciele &hellip; <a href=\"http:\/\/mzs7krosno.pl\/index.php\/dni-wolne\/\" class=\"more-link\">Continue reading <span class=\"screen-reader-text\">Dni wolne<\/span><\/a><\/p>\n","protected":false},"author":1,"featured_media":0,"parent":0,"menu_order":0,"comment_status":"closed","ping_status":"closed","template":"","meta":{"ngg_post_thumbnail":0,"footnotes":""},"class_list":["post-369","page","type-page","status-publish","hentry"],"aioseo_notices":[],"_links":{"self":[{"href":"http:\/\/mzs7krosno.pl\/index.php\/wp-json\/wp\/v2\/pages\/369","targetHints":{"allow":["GET"]}}],"collection":[{"href":"http:\/\/mzs7krosno.pl\/index.php\/wp-json\/wp\/v2\/pages"}],"about":[{"href":"http:\/\/mzs7krosno.pl\/index.php\/wp-json\/wp\/v2\/types\/page"}],"author":[{"embeddable":true,"href":"http:\/\/mzs7krosno.pl\/index.php\/wp-json\/wp\/v2\/users\/1"}],"replies":[{"embeddable":true,"href":"http:\/\/mzs7krosno.pl\/index.php\/wp-json\/wp\/v2\/comments?post=369"}],"version-history":[{"count":22,"href":"http:\/\/mzs7krosno.pl\/index.php\/wp-json\/wp\/v2\/pages\/369\/revisions"}],"predecessor-version":[{"id":11999,"href":"http:\/\/mzs7krosno.pl\/index.php\/wp-json\/wp\/v2\/pages\/369\/revisions\/11999"}],"wp:attachment":[{"href":"http:\/\/mzs7krosno.pl\/index.php\/wp-json\/wp\/v2\/media?parent=369"}],"curies":[{"name":"wp","href":"https:\/\/api.w.org\/{rel}","templated":true}]}}