{"id":4880,"date":"2019-07-01T20:30:35","date_gmt":"2019-07-01T19:30:35","guid":{"rendered":"https:\/\/sp4krosno.wordpress.com\/?page_id=4880"},"modified":"2019-07-01T20:30:35","modified_gmt":"2019-07-01T19:30:35","slug":"kolka-przedmiotowe-i-zajecia-dodatkowe","status":"publish","type":"page","link":"http:\/\/mzs7krosno.pl\/index.php\/kolka-przedmiotowe-i-zajecia-dodatkowe\/","title":{"rendered":"K\u00f3\u0142ka przedmiotowe i zaj\u0119cia dodatkowe"},"content":{"rendered":"<p><img loading=\"lazy\" decoding=\"async\" class=\"  wp-image-4889 aligncenter\" src=\"https:\/\/sp4krosno.files.wordpress.com\/2019\/07\/kolka.jpg\" alt=\"kolka\" width=\"409\" height=\"230\" srcset=\"http:\/\/mzs7krosno.pl\/wp-content\/uploads\/2019\/07\/kolka.jpg 640w, http:\/\/mzs7krosno.pl\/wp-content\/uploads\/2019\/07\/kolka-300x169.jpg 300w, http:\/\/mzs7krosno.pl\/wp-content\/uploads\/2019\/07\/kolka-192x108.jpg 192w\" sizes=\"auto, (max-width: 409px) 100vw, 409px\" \/><\/p>\n","protected":false},"excerpt":{"rendered":"","protected":false},"author":1,"featured_media":0,"parent":0,"menu_order":0,"comment_status":"closed","ping_status":"closed","template":"","meta":{"ngg_post_thumbnail":0,"footnotes":""},"class_list":["post-4880","page","type-page","status-publish","hentry"],"aioseo_notices":[],"_links":{"self":[{"href":"http:\/\/mzs7krosno.pl\/index.php\/wp-json\/wp\/v2\/pages\/4880","targetHints":{"allow":["GET"]}}],"collection":[{"href":"http:\/\/mzs7krosno.pl\/index.php\/wp-json\/wp\/v2\/pages"}],"about":[{"href":"http:\/\/mzs7krosno.pl\/index.php\/wp-json\/wp\/v2\/types\/page"}],"author":[{"embeddable":true,"href":"http:\/\/mzs7krosno.pl\/index.php\/wp-json\/wp\/v2\/users\/1"}],"replies":[{"embeddable":true,"href":"http:\/\/mzs7krosno.pl\/index.php\/wp-json\/wp\/v2\/comments?post=4880"}],"version-history":[{"count":0,"href":"http:\/\/mzs7krosno.pl\/index.php\/wp-json\/wp\/v2\/pages\/4880\/revisions"}],"wp:attachment":[{"href":"http:\/\/mzs7krosno.pl\/index.php\/wp-json\/wp\/v2\/media?parent=4880"}],"curies":[{"name":"wp","href":"https:\/\/api.w.org\/{rel}","templated":true}]}}