{"id":5664,"date":"2020-02-21T18:31:49","date_gmt":"2020-02-21T17:31:49","guid":{"rendered":"http:\/\/mzs7krosno.pl\/?page_id=5664"},"modified":"2020-02-26T14:23:50","modified_gmt":"2020-02-26T13:23:50","slug":"dla-rodzicow","status":"publish","type":"page","link":"http:\/\/mzs7krosno.pl\/index.php\/rodo\/dla-rodzicow\/","title":{"rendered":"Dla rodzic\u00f3w"},"content":{"rendered":"\n<p><strong>Klauzula informacyjna dla rodzic\u00f3w <\/strong><\/p>\n\n\n\n<p>Zgodnie art. 13 ust. 1 i 2 rozporz\u0105dzenia Parlamentu Europejskiego i Rady (UE) 2016\/679 z&nbsp;dnia 27 kwietnia 2016 r. w&nbsp;sprawie ochrony os\u00f3b fizycznych w zwi\u0105zku z przetwarzaniem danych osobowych i w sprawie swobodnego przep\u0142ywu takich danych oraz uchylenia dyrektywy 95\/46\/WE (Dz. Urz. UE L 119\/1 z 4.5.2016 r.), informuj\u0119, \u017ce:<\/p>\n\n\n\n<ol class=\"wp-block-list\"><li>Administratorem Pani\/Pana danych osobowych jest Miejski Zesp\u00f3\u0142 Szk\u00f3\u0142 Nr 7 w Kro\u015bnie (MZS-7 Krosno), z siedzib\u0105 przy ul. Powsta\u0144c\u00f3w \u015al\u0105skich 37, 38-400 Krosno. Nr telefonu kontaktowego 13 420 08 31, adres poczty email: sp4@mzs7krosno.pl, adres strony internetowej: mzs7krosno.pl<\/li><li>W Miejskim Zespole Szk\u00f3\u0142 Nr 7 w Kro\u015bnie wyznaczony zosta\u0142 Inspektor Ochrony Danych, z kt\u00f3rym mo\u017cna skontaktowa\u0107 si\u0119 pod adresem Miejski Zesp\u00f3\u0142 Szk\u00f3\u0142 Nr 7 w Kro\u015bnie ul. Powsta\u0144c\u00f3w \u015al\u0105skich 37, 38-400 Krosno z&nbsp;dopiskiem Inspektor Ochrony Danych lub adresem poczty elektronicznej email: inspektorgdpr@gmail.com.<\/li><li>Pa\u0144stwa dane osobowe s\u0105 przetwarzane na podstawie:<\/li><\/ol>\n\n\n\n<p>a). 6 ust. 1 lit. a i art. 9 ust. 2 lit. a RODO, tj. na podstawie zgody udzielonej w celach okre\u015blonych ka\u017cdorazowo w przekazywanych formularzach zgody, w tym w celu promowania dzia\u0142alno\u015bci plac\u00f3wki oraz osi\u0105gni\u0119\u0107 i umiej\u0119tno\u015bci ucznia, a tak\u017ce w&nbsp;celu zapewnienia udzia\u0142u w zaj\u0119ciach dodatkowych, korzystania z pomocy psychologiczno-pedagogicznej, zawarcia umowy ubezpieczenia NNW;<\/p>\n\n\n\n<p>b). 6 ust. 1 lit. c RODO \u2013 (tj. na podstawie szczeg\u00f3lnych przepis\u00f3w prawa, czyli ustaw, a&nbsp;w&nbsp;szczeg\u00f3lno\u015bci Ustawy \u2013 Prawo o\u015bwiatowe oraz Ustawy o systemie o\u015bwiaty) w&nbsp;celu prowadzenia ewidencji uczni\u00f3w na potrzeby, realizacji procesu nauczania, prowadzenie dziennika lekcyjnego, prowadzenie zaj\u0119\u0107 dodatkowych, realizacja zada\u0144 z zakresu BHP, wypo\u017cyczanie ksi\u0105\u017cek z biblioteki,<\/p>\n\n\n\n<p>c).&nbsp; ust. 2 lit. h RODO w celu \u015bwiadczenia opieki piel\u0119gniarskiej i profilaktyki zdrowia uczni\u00f3w,<\/p>\n\n\n\n<p>4. Pozyskane dane osobowe b\u0119d\u0105 przetwarzane w celu realizacji obowi\u0105zku prawnego ci\u0105\u017c\u0105cego na Administratorze (realizacji ustawowych i statutowych zada\u0144 dydaktycznych, opieku\u0144czych i&nbsp;wychowawczych w&nbsp;plac\u00f3wce).<\/p>\n\n\n\n<p>5. Podanie danych osobowych do spe\u0142nienia w\/w celu jest obowi\u0105zkowe, w tej sytuacji przes\u0142ank\u0119 przetwarzania danych osobowych stanowi przepis prawa (tj. Ustawa \u2013 Prawo o\u015bwiatowe). W celu ucz\u0119szczania ucznia do plac\u00f3wki s\u0105 Pa\u0144stwo zobowi\u0105zani do podania danych.<\/p>\n\n\n\n<p>6. Konsekwencj\u0105 niepodania danych osobowych b\u0119dzie brak mo\u017cliwo\u015bci realizacji zada\u0144 statutowych wzgl\u0119dem ucznia przez Miejski Zesp\u00f3\u0142 Szk\u00f3\u0142 Nr 7 w Kro\u015bnie.<\/p>\n\n\n\n<p>7. W sytuacji, gdy przetwarzanie danych osobowych odbywa si\u0119 na podstawie zgody osoby, kt\u00f3rej dane osobowe dotycz\u0105, podanie przez Pani\u0105\/Pana&nbsp;danych osobowych Administratorowi ma charakter dobrowolny. Brak zgody spowoduje niemo\u017cno\u015b\u0107 zrealizowania zamierzonego celu, lecz nie wp\u0142ynie na realizacj\u0119 g\u0142\u00f3wnych zada\u0144 przez plac\u00f3wk\u0119 wzgl\u0119dem ucznia.<\/p>\n\n\n\n<p>8. Dane osobowe b\u0119d\u0105 przechowywane nie d\u0142u\u017cej ni\u017c jest to konieczne do osi\u0105gni\u0119cia celu przetwarzania oraz przez okres archiwizacji wymagany dla danej kategorii danych okre\u015blony w Jednolitym Rzeczowym Wykazie Akt obowi\u0105zuj\u0105cym w Miejskim Zespole Szk\u00f3\u0142 Nr 7 w Kro\u015bnie. Ponadto okres przechowywania mo\u017ce ulec wyd\u0142u\u017ceniu np. z uwagi na sytuacj\u0119 dochodzenia roszcze\u0144.<br>(Co najmniej do ko\u0144ca okresu, w kt\u00f3rym ucze\u0144 b\u0119dzie ucz\u0119szcza\u0142 do plac\u00f3wki, do czasu wycofania zgody, zg\u0142oszenia sprzeciwu, przez okres wskazany przepisami zwi\u0105zanymi z&nbsp;wype\u0142nianiem obowi\u0105zku prawnego przez plac\u00f3wk\u0119).<\/p>\n\n\n\n<p>9. Administrator mo\u017ce przekaza\u0107 Pa\u0144stwa dane innym odbiorcom. Odbiorcami danych osobowych s\u0105 upowa\u017cnieni pracownicy Administratora, podmioty, kt\u00f3rym nale\u017cy udost\u0119pni\u0107 dane osobowe w celu wykonania obowi\u0105zku prawnego, a tak\u017ce podmioty, kt\u00f3rym dane zostan\u0105 powierzone do zrealizowania cel\u00f3w przetwarzania.<\/p>\n\n\n\n<p>10. Administrator nie przekazuje danych osobowych do pa\u0144stwa trzeciego ani do organizacji mi\u0119dzynarodowych w&nbsp;rozumieniu RODO.<\/p>\n\n\n\n<p>11. Posiadaj\u0105 Pa\u0144stwo prawo dost\u0119pu do tre\u015bci swoich danych, ich sprostowania, przenoszenia i usuni\u0119cia, a tak\u017ce prawo do ograniczenia przetwarzania danych lub do wniesienia sprzeciwu wobec przetwarzania, je\u017celi nie jest to ograniczone poprzez inne przepisy prawne.<\/p>\n\n\n\n<p>12. Je\u017celi przetwarzanie danych odbywa si\u0119 na podstawie zgody, a nie na podstawie przepis\u00f3w uprawniaj\u0105cych administratora do przetwarzania tych danych, to przys\u0142uguje Pa\u0144stwu prawo do cofni\u0119cia zgody w dowolnym momencie bez wp\u0142ywu na zgodno\u015b\u0107 z prawem.<\/p>\n\n\n\n<p>13. Przys\u0142uguje Pa\u0144stwu prawo wniesienia skargi do organu nadzorczego (tj. Prezesa Urz\u0119du Ochrony Danych Osobowych<em>)<\/em>, gdy uznaj\u0105 Pa\u0144stwo, i\u017c przetwarzanie Pa\u0144stwa danych osobowych narusza przepisy og\u00f3lnego rozporz\u0105dzenia o ochronie danych osobowych z dnia 27 kwietnia 2016 r.<\/p>\n\n\n\n<p>14. W oparciu o Pani\/Pana dane osobowe Administrator nie b\u0119dzie podejmowa\u0142 wobec Pani\/Pana zautomatyzowanych decyzji, w tym decyzji b\u0119d\u0105cych wynikiem profilowania.<\/p>\n\n\n\n<p>3.09.2018 r. El\u017cbieta Wilk dyr. MZS 7 w Kro\u015bnie<\/p>\n","protected":false},"excerpt":{"rendered":"<p>Klauzula informacyjna dla rodzic\u00f3w Zgodnie art. 13 ust. 1 i 2 rozporz\u0105dzenia Parlamentu Europejskiego i Rady (UE) 2016\/679 z&nbsp;dnia 27 kwietnia 2016 r. w&nbsp;sprawie ochrony os\u00f3b fizycznych w zwi\u0105zku z przetwarzaniem danych osobowych i w sprawie swobodnego przep\u0142ywu takich danych oraz uchylenia dyrektywy 95\/46\/WE (Dz. Urz. UE L 119\/1 z 4.5.2016 r.), informuj\u0119, \u017ce: Administratorem &hellip; <a href=\"http:\/\/mzs7krosno.pl\/index.php\/rodo\/dla-rodzicow\/\" class=\"more-link\">Continue reading <span class=\"screen-reader-text\">Dla rodzic\u00f3w<\/span><\/a><\/p>\n","protected":false},"author":3,"featured_media":0,"parent":4210,"menu_order":0,"comment_status":"closed","ping_status":"closed","template":"","meta":{"ngg_post_thumbnail":0,"footnotes":""},"class_list":["post-5664","page","type-page","status-publish","hentry"],"aioseo_notices":[],"_links":{"self":[{"href":"http:\/\/mzs7krosno.pl\/index.php\/wp-json\/wp\/v2\/pages\/5664","targetHints":{"allow":["GET"]}}],"collection":[{"href":"http:\/\/mzs7krosno.pl\/index.php\/wp-json\/wp\/v2\/pages"}],"about":[{"href":"http:\/\/mzs7krosno.pl\/index.php\/wp-json\/wp\/v2\/types\/page"}],"author":[{"embeddable":true,"href":"http:\/\/mzs7krosno.pl\/index.php\/wp-json\/wp\/v2\/users\/3"}],"replies":[{"embeddable":true,"href":"http:\/\/mzs7krosno.pl\/index.php\/wp-json\/wp\/v2\/comments?post=5664"}],"version-history":[{"count":2,"href":"http:\/\/mzs7krosno.pl\/index.php\/wp-json\/wp\/v2\/pages\/5664\/revisions"}],"predecessor-version":[{"id":5674,"href":"http:\/\/mzs7krosno.pl\/index.php\/wp-json\/wp\/v2\/pages\/5664\/revisions\/5674"}],"up":[{"embeddable":true,"href":"http:\/\/mzs7krosno.pl\/index.php\/wp-json\/wp\/v2\/pages\/4210"}],"wp:attachment":[{"href":"http:\/\/mzs7krosno.pl\/index.php\/wp-json\/wp\/v2\/media?parent=5664"}],"curies":[{"name":"wp","href":"https:\/\/api.w.org\/{rel}","templated":true}]}}