{"id":5675,"date":"2020-02-26T18:17:13","date_gmt":"2020-02-26T17:17:13","guid":{"rendered":"http:\/\/mzs7krosno.pl\/?page_id=5675"},"modified":"2020-02-26T18:20:04","modified_gmt":"2020-02-26T17:20:04","slug":"klauzula-informacyjna","status":"publish","type":"page","link":"http:\/\/mzs7krosno.pl\/index.php\/rodo\/klauzula-informacyjna\/","title":{"rendered":"Klauzula informacyjna"},"content":{"rendered":"\n<p><strong>Klauzula informacyjna<br><\/strong><\/p>\n\n\n\n<p>Zgodnie art. 13 ust. 1 i 2 rozporz\u0105dzenia Parlamentu Europejskiego i Rady (UE) 2016\/679 z&nbsp;dnia 27 kwietnia 2016 r. w&nbsp;sprawie ochrony os\u00f3b fizycznych w zwi\u0105zku z przetwarzaniem danych osobowych i w sprawie swobodnego przep\u0142ywu takich danych oraz uchylenia dyrektywy 95\/46\/WE (Dz. Urz. UE L 119\/1 z 4.5.2016 r.), informuj\u0119, \u017ce:<\/p>\n\n\n\n<ol class=\"wp-block-list\"><li>Administratorem Pani\/Pana danych osobowych jest Miejski Zesp\u00f3\u0142 Szk\u00f3\u0142 Nr 7 w Kro\u015bnie (MZS-7 Krosno), z siedzib\u0105 przy ul. Powsta\u0144c\u00f3w \u015al\u0105skich 37, 38-400 Krosno. Nr telefonu kontaktowego 13 420 08 31, adres poczty email: sp4@mzs7krosno.pl, adres strony internetowej: mzs7krosno.pl<\/li><li>W Miejskim Zespole Szk\u00f3\u0142 Nr 7 w Kro\u015bnie wyznaczony zosta\u0142 Inspektor Ochrony Danych z kt\u00f3rym mo\u017cna skontaktowa\u0107 si\u0119 pod adresem Miejski Zesp\u00f3\u0142 Szk\u00f3\u0142 Nr 7 w Kro\u015bnie ul. Powsta\u0144c\u00f3w \u015al\u0105skich 37, 38-400 Krosno z dopiskiem Inspektor Ochrony Danych lub adresem poczty elektronicznej email.<\/li><li>Pozyskane dane osobowe&nbsp; przetwarzane b\u0119d\u0105&nbsp;na podstawie przepis\u00f3w prawa wynikaj\u0105cego<br>z art. 6 ust.1 lit a, b i c RODO oraz z art. 9 ust. 2 lit. b RODO \u2013 (tj. na podstawie udzielonej zgody, zawartych um\u00f3w oraz szczeg\u00f3lnych przepis\u00f3w prawa, czyli ustaw, a w szczeg\u00f3lno\u015bci Ustawy \u2013 Prawo o\u015bwiatowe oraz Ustawy o systemie o\u015bwiaty).<\/li><li>Pani\/Pana dane osobowe b\u0119d\u0105 przetwarzane wy\u0142\u0105cznie w celu realizacji obowi\u0105zku prawnego ci\u0105\u017c\u0105cego na Administratorze (tj. realizacji zada\u0144 wynikaj\u0105cych z zakresu statutowej dzia\u0142alno\u015bci MZS7 w Kro\u015bnie, b\u0105d\u017a zawartych um\u00f3w).<\/li><li>W sytuacji, gdy przetwarzanie danych osobowych odbywa si\u0119 na podstawie zgody osoby, kt\u00f3rej dane osobowe dotycz\u0105, podanie przez Pani\u0105\/Pana&nbsp;danych osobowych Administratorowi ma charakter dobrowolny.<\/li><\/ol>\n\n\n\n<p>Natomiast w sytuacji, gdy przes\u0142ank\u0119 przetwarzania danych osobowych stanowi przepis prawa lub zawarta mi\u0119dzy stronami umowa podanie danych osobowych do spe\u0142nienia w\/w celu jest obowi\u0105zkowe. W tym przypadku konsekwencj\u0105 niepodania danych osobowych b\u0119dzie brak mo\u017cliwo\u015bci realizacji zada\u0144 wynikaj\u0105cych z zakresu statutowej dzia\u0142alno\u015bci MZS7 w Kro\u015bnie, b\u0105d\u017a zawartych um\u00f3w.<\/p>\n\n\n\n<ol class=\"wp-block-list\"><li>Pani\/Pana dane osobowe b\u0119d\u0105 przechowywane nie d\u0142u\u017cej ni\u017c to jest konieczne do osi\u0105gni\u0119cia celu przetwarzania oraz przez okres archiwizacji wymagany dla danej kategorii danych okre\u015blony w Jednolitym Rzeczowym Wykazie Akt obowi\u0105zuj\u0105cym w Miejskim Zespole Szk\u00f3\u0142 Nr 7 w Kro\u015bnie. Ponadto okres przechowywania mo\u017ce ulec wyd\u0142u\u017ceniu np. z uwagi na sytuacj\u0119 dochodzenia roszcze\u0144.<\/li><li>Administrator mo\u017ce przekaza\u0107 Pani\/Pana dane innym odbiorcom. Odbiorc\u0105 danych mog\u0105 by\u0107 podmioty uzyskuj\u0105ce dost\u0119p do Pani\/Pana danych na podstawie powszechnie obowi\u0105zuj\u0105cych przepis\u00f3w prawa, w tym umowy powierzenia.<\/li><li>Administrator nie przekazuje Pani\/Pana danych do pa\u0144stwa trzeciego ani do organizacji mi\u0119dzynarodowych w&nbsp;rozumieniu RODO.<\/li><li>Posiada Pani\/Pan prawo dost\u0119pu do tre\u015bci swoich danych, ich sprostowania, przenoszenia i usuni\u0119cia, a tak\u017ce prawo do ograniczenia przetwarzania danych lub do wniesienia sprzeciwu wobec przetwarzania, je\u017celi nie jest to ograniczone poprzez inne przepisy prawne.<\/li><li>Je\u017celi przetwarzanie danych odbywa si\u0119 na podstawie zgody, a nie na podstawie przepis\u00f3w uprawniaj\u0105cych administratora do przetwarzania tych danych, to przys\u0142uguje Pani\/Panu prawo do cofni\u0119cia zgody w dowolnym momencie bez wp\u0142ywu na zgodno\u015b\u0107 z prawem.<\/li><li>Przys\u0142uguje Panu\/Pani prawo wniesienia skargi do organu nadzorczego (tj.&nbsp;<em>Prezesa Urz\u0119du Ochrony Danych Osobowych<\/em><em>)<\/em>, gdy uzna Pani\/Pan, i\u017c przetwarzanie Pani\/Pana danych osobowych narusza przepisy og\u00f3lnego rozporz\u0105dzenia o ochronie danych osobowych z dnia 27 kwietnia 2016 r.<\/li><li>W oparciu o Pani\/Pana dane osobowe Administrator nie b\u0119dzie podejmowa\u0142 wobec Pani\/Pana zautomatyzowanych decyzji, w tym decyzji b\u0119d\u0105cych wynikiem profilowania.<\/li><\/ol>\n","protected":false},"excerpt":{"rendered":"<p>Klauzula informacyjna Zgodnie art. 13 ust. 1 i 2 rozporz\u0105dzenia Parlamentu Europejskiego i Rady (UE) 2016\/679 z&nbsp;dnia 27 kwietnia 2016 r. w&nbsp;sprawie ochrony os\u00f3b fizycznych w zwi\u0105zku z przetwarzaniem danych osobowych i w sprawie swobodnego przep\u0142ywu takich danych oraz uchylenia dyrektywy 95\/46\/WE (Dz. Urz. UE L 119\/1 z 4.5.2016 r.), informuj\u0119, \u017ce: Administratorem Pani\/Pana danych &hellip; <a href=\"http:\/\/mzs7krosno.pl\/index.php\/rodo\/klauzula-informacyjna\/\" class=\"more-link\">Continue reading <span class=\"screen-reader-text\">Klauzula informacyjna<\/span><\/a><\/p>\n","protected":false},"author":3,"featured_media":0,"parent":4210,"menu_order":0,"comment_status":"closed","ping_status":"closed","template":"","meta":{"ngg_post_thumbnail":0,"footnotes":""},"class_list":["post-5675","page","type-page","status-publish","hentry"],"aioseo_notices":[],"_links":{"self":[{"href":"http:\/\/mzs7krosno.pl\/index.php\/wp-json\/wp\/v2\/pages\/5675","targetHints":{"allow":["GET"]}}],"collection":[{"href":"http:\/\/mzs7krosno.pl\/index.php\/wp-json\/wp\/v2\/pages"}],"about":[{"href":"http:\/\/mzs7krosno.pl\/index.php\/wp-json\/wp\/v2\/types\/page"}],"author":[{"embeddable":true,"href":"http:\/\/mzs7krosno.pl\/index.php\/wp-json\/wp\/v2\/users\/3"}],"replies":[{"embeddable":true,"href":"http:\/\/mzs7krosno.pl\/index.php\/wp-json\/wp\/v2\/comments?post=5675"}],"version-history":[{"count":2,"href":"http:\/\/mzs7krosno.pl\/index.php\/wp-json\/wp\/v2\/pages\/5675\/revisions"}],"predecessor-version":[{"id":5678,"href":"http:\/\/mzs7krosno.pl\/index.php\/wp-json\/wp\/v2\/pages\/5675\/revisions\/5678"}],"up":[{"embeddable":true,"href":"http:\/\/mzs7krosno.pl\/index.php\/wp-json\/wp\/v2\/pages\/4210"}],"wp:attachment":[{"href":"http:\/\/mzs7krosno.pl\/index.php\/wp-json\/wp\/v2\/media?parent=5675"}],"curies":[{"name":"wp","href":"https:\/\/api.w.org\/{rel}","templated":true}]}}