{"id":6392,"date":"2020-11-05T17:11:01","date_gmt":"2020-11-05T16:11:01","guid":{"rendered":"http:\/\/mzs7krosno.pl\/?page_id=6392"},"modified":"2022-08-31T21:04:12","modified_gmt":"2022-08-31T19:04:12","slug":"rada-rodzicow-2","status":"publish","type":"page","link":"http:\/\/mzs7krosno.pl\/index.php\/rada-rodzicow-2\/","title":{"rendered":"Rada Rodzic\u00f3w"},"content":{"rendered":"\n<figure class=\"wp-block-image size-large is-resized\"><img loading=\"lazy\" decoding=\"async\" src=\"http:\/\/mzs7krosno.pl\/wp-content\/uploads\/2020\/11\/rada-rodzicow.png\" alt=\"\" class=\"wp-image-6394\" width=\"156\" height=\"132\" srcset=\"http:\/\/mzs7krosno.pl\/wp-content\/uploads\/2020\/11\/rada-rodzicow.png 512w, http:\/\/mzs7krosno.pl\/wp-content\/uploads\/2020\/11\/rada-rodzicow-300x254.png 300w, http:\/\/mzs7krosno.pl\/wp-content\/uploads\/2020\/11\/rada-rodzicow-127x108.png 127w\" sizes=\"auto, (max-width: 156px) 100vw, 156px\" \/><\/figure>\n\n\n\n<p>Szanowni Pa\u0144stwo, wp\u0142aty mo\u017cna dokonywa\u0107 bezpo\u015brednio na konto Rady Rodzic\u00f3w. <\/p>\n\n\n\n<p>Numer konta to: 46 1240 2311 1111 0000 3883 3290<\/p>\n\n\n\n<p class=\"has-text-align-right\">Dzi\u0119kujemy<\/p>\n","protected":false},"excerpt":{"rendered":"<p>Szanowni Pa\u0144stwo, wp\u0142aty mo\u017cna dokonywa\u0107 bezpo\u015brednio na konto Rady Rodzic\u00f3w. Numer konta to: 46 1240 2311 1111 0000 3883 3290 Dzi\u0119kujemy<\/p>\n","protected":false},"author":5,"featured_media":0,"parent":0,"menu_order":0,"comment_status":"closed","ping_status":"closed","template":"","meta":{"ngg_post_thumbnail":0,"footnotes":""},"class_list":["post-6392","page","type-page","status-publish","hentry"],"aioseo_notices":[],"_links":{"self":[{"href":"http:\/\/mzs7krosno.pl\/index.php\/wp-json\/wp\/v2\/pages\/6392","targetHints":{"allow":["GET"]}}],"collection":[{"href":"http:\/\/mzs7krosno.pl\/index.php\/wp-json\/wp\/v2\/pages"}],"about":[{"href":"http:\/\/mzs7krosno.pl\/index.php\/wp-json\/wp\/v2\/types\/page"}],"author":[{"embeddable":true,"href":"http:\/\/mzs7krosno.pl\/index.php\/wp-json\/wp\/v2\/users\/5"}],"replies":[{"embeddable":true,"href":"http:\/\/mzs7krosno.pl\/index.php\/wp-json\/wp\/v2\/comments?post=6392"}],"version-history":[{"count":3,"href":"http:\/\/mzs7krosno.pl\/index.php\/wp-json\/wp\/v2\/pages\/6392\/revisions"}],"predecessor-version":[{"id":8743,"href":"http:\/\/mzs7krosno.pl\/index.php\/wp-json\/wp\/v2\/pages\/6392\/revisions\/8743"}],"wp:attachment":[{"href":"http:\/\/mzs7krosno.pl\/index.php\/wp-json\/wp\/v2\/media?parent=6392"}],"curies":[{"name":"wp","href":"https:\/\/api.w.org\/{rel}","templated":true}]}}