{"id":6638,"date":"2021-03-29T17:07:02","date_gmt":"2021-03-29T15:07:02","guid":{"rendered":"http:\/\/mzs7krosno.pl\/?page_id=6638"},"modified":"2023-01-04T16:24:06","modified_gmt":"2023-01-04T15:24:06","slug":"deklaracja-dostepnosci","status":"publish","type":"page","link":"http:\/\/mzs7krosno.pl\/index.php\/deklaracja-dostepnosci\/","title":{"rendered":"Deklaracja dost\u0119pno\u015bci"},"content":{"rendered":"\n<p><a href=\"http:\/\/mzs7krosno.pl\/wp-content\/uploads\/2023\/01\/wniosek-o-zapewnienie-dostepnosci-cyfrowej-MZS-7-.pdf\" target=\"_blank\" rel=\"noopener\">Wniosek o zapewnienie dost\u0119pno\u015bci cyfrowej MZS 7<\/a><\/p>\n\n\n\n<p><strong>Deklaracja Dost\u0119pno\u015bci dla strony internetowej www.mzs7krosno.pl<\/strong><\/p>\n\n\n\n<p>Miejski\nZesp\u00f3\u0142 Szk\u00f3\u0142 Nr 7 w Kro\u015bnie zobowi\u0105zuje si\u0119 zapewni\u0107 dost\u0119pno\u015b\u0107 swojej strony\ninternetowej zgodnie z przepisami ustawy z dnia 4 kwietnia 2019 r. o\ndost\u0119pno\u015bci cyfrowej stron internetowych i aplikacji mobilnych podmiot\u00f3w\npublicznych. O\u015bwiadczenie w sprawie dost\u0119pno\u015bci ma zastosowanie do mzs7krosno.pl<\/p>\n\n\n\n<ul class=\"wp-block-list\"><li>Data publikacji strony internetowej: wrzesie\u0144 2005 r.<\/li><li>Data ostatniej istotnej aktualizacji: 30. 03. 2021 r.<\/li><\/ul>\n\n\n\n<p>Strona\ninternetowa jest cz\u0119\u015bciowo zgodna z ustaw\u0105 z dnia 4 kwietnia 2019 r. o\ndost\u0119pno\u015bci cyfrowej stron internetowych i aplikacji mobilnych podmiot\u00f3w\npublicznych z powodu niezgodno\u015bci lub wy\u0142\u0105cze\u0144 wymienionych poni\u017cej.<\/p>\n\n\n\n<p>Filmy nie\nposiadaj\u0105 napis\u00f3w dla os\u00f3b g\u0142uchych.<\/p>\n\n\n\n<p>Za\u0142\u0105czniki w\npostaci skan\u00f3w dokument\u00f3w np w formacie pdf nie s\u0105 dostosowane dla os\u00f3b\nniepe\u0142nosprawnych.<\/p>\n\n\n\n<p>Filmy\nzosta\u0142y opublikowane przed wej\u015bciem w \u017cycie ustawy o dost\u0119pno\u015bci cyfrowej.<\/p>\n\n\n\n<p>Poprawienie\ndost\u0119pno\u015bci strony nios\u0142oby za sob\u0105 nadmierne obci\u0105\u017cenia dla podmiotu\npublicznego.<\/p>\n\n\n\n<p>O\u015bwiadczenie\nsporz\u0105dzono dnia: 2021-03-29.<\/p>\n\n\n\n<p>Deklaracj\u0119\nsporz\u0105dzono na podstawie samooceny przeprowadzonej przez podmiot publiczny.<\/p>\n\n\n\n<p>Na stronie\ninternetowej &nbsp;nie mo\u017cna korzysta\u0107 ze\nstandardowych skr\u00f3t\u00f3w klawiaturowych.<\/p>\n\n\n\n<p><strong>Informacje zwrotne i dane kontaktowe<\/strong><\/p>\n\n\n\n<p>W przypadku\nproblem\u00f3w z dost\u0119pno\u015bci\u0105 strony internetowej prosimy o kontakt. Osob\u0105\nkontaktow\u0105 jest El\u017cbieta Wilk, sp4@mzs7krosno.pl . Kontaktowa\u0107 mo\u017cna si\u0119 tak\u017ce dzwoni\u0105c na numer\ntelefonu 134200831. T\u0105 sam\u0105 drog\u0105 mo\u017cna sk\u0142ada\u0107 wnioski o udost\u0119pnienie\ninformacji niedost\u0119pnej oraz sk\u0142ada\u0107 \u017c\u0105dania zapewnienia dost\u0119pno\u015bci.<\/p>\n\n\n\n<p>Ka\u017cdy ma\nprawo do wyst\u0105pienia z \u017c\u0105daniem zapewnienia dost\u0119pno\u015bci cyfrowej strony\ninternetowej, aplikacji mobilnej lub jakiego\u015b ich elementu. Mo\u017cna tak\u017ce za\u017c\u0105da\u0107\nudost\u0119pnienia informacji za pomoc\u0105 alternatywnego sposobu dost\u0119pu, na przyk\u0142ad\nprzez odczytanie niedost\u0119pnego cyfrowo dokumentu, opisanie zawarto\u015bci filmu bez\naudiodeskrypcji itp. \u017b\u0105danie powinno zawiera\u0107 dane osoby zg\u0142aszaj\u0105cej \u017c\u0105danie,\nwskazanie, o kt\u00f3r\u0105 stron\u0119 internetow\u0105 lub aplikacj\u0119 mobiln\u0105 chodzi oraz spos\u00f3b\nkontaktu. Je\u017celi osoba \u017c\u0105daj\u0105ca zg\u0142asza potrzeb\u0119 otrzymania informacji za\npomoc\u0105 alternatywnego sposobu dost\u0119pu, powinna tak\u017ce okre\u015bli\u0107 dogodny dla niej\nspos\u00f3b przedstawienia tej informacji. Podmiot publiczny powinien zrealizowa\u0107\n\u017c\u0105danie niezw\u0142ocznie, nie p\u00f3\u017aniej ni\u017c w ci\u0105gu 7 dni od dnia wyst\u0105pienia z\n\u017c\u0105daniem. Je\u017celi dotrzymanie tego terminu nie jest mo\u017cliwe, podmiot publiczny\nniezw\u0142ocznie informuje o tym wnosz\u0105cego \u017c\u0105danie, kiedy realizacja \u017c\u0105dania\nb\u0119dzie mo\u017cliwa, przy czym termin ten nie mo\u017ce by\u0107 d\u0142u\u017cszy ni\u017c 2 miesi\u0105ce od\ndnia wyst\u0105pienia z \u017c\u0105daniem. Je\u017celi zapewnienie dost\u0119pno\u015bci cyfrowej nie jest\nmo\u017cliwe, podmiot publiczny mo\u017ce zaproponowa\u0107 alternatywny spos\u00f3b dost\u0119pu do\ninformacji. W przypadku, gdy podmiot publiczny odm\u00f3wi realizacji \u017c\u0105dania\nzapewnienia dost\u0119pno\u015bci lub alternatywnego sposobu dost\u0119pu do informacji, wnosz\u0105cy\n\u017c\u0105danie mo\u017cne z\u0142o\u017cy\u0107 skarg\u0119 w sprawie zapewniana dost\u0119pno\u015bci cyfrowej strony\ninternetowej, aplikacji mobilnej lub elementu strony internetowej, lub\naplikacji mobilnej. Po wyczerpaniu wskazanej wy\u017cej procedury mo\u017cna tak\u017ce z\u0142o\u017cy\u0107\nwniosek do Rzecznika Praw Obywatelskich.<\/p>\n\n\n\n<p><a href=\"https:\/\/www.rpo.gov.pl\/content\/jak-zglosic-sie-do-rzecznika-praw-obywatelskich\" target=\"_blank\" rel=\"noreferrer noopener\">Strona\ninternetowa Rzecznika Praw Obywatelskich<\/a><\/p>\n\n\n\n<p><strong>Dost\u0119pno\u015b\u0107 architektoniczna<\/strong><\/p>\n\n\n\n<p><strong><br>\nMiejski Zesp\u00f3\u0142 Szk\u00f3\u0142 Nr 7 w Kro\u015bnie, budynek przy ul. Powsta\u0144c\u00f3w \u015al\u0105skich 37<\/strong><\/p>\n\n\n\n<ol class=\"wp-block-list\"><li>Dost\u0119pno\u015b\u0107 wej\u015bcia do budynku.<br>Dla klient\u00f3w MZS 7 dost\u0119pne s\u0105 dwa wej\u015bcia od ul. Powsta\u0144c\u00f3w \u015al\u0105skich 37 . Osoby z problemami motorycznymi oraz osoby niepe\u0142nosprawne na w\u00f3zkach inwalidzkich, a tak\u017ce osoby z w\u00f3zkami dzieci\u0119cymi maj\u0105 mo\u017cliwo\u015b\u0107 skorzystania z pochylni dla niepe\u0142nosprawnych przy wej\u015bciu drugim. Do wej\u015bcia pierwszego prowadzi jeden schodek.<\/li><li>Opis dost\u0119pno\u015bci korytarzy, schod\u00f3w i wind.<br>Na parterze budynku znajduje si\u0119 \u015bwietlica, klasopracownie , sala      gimnastyczna . Na wy\u017csze kondygnacje budynku prowadz\u0105 schody wyposa\u017cone w pochylni\u0119, budynek nie jest wyposa\u017cony w wind\u0119. Na drugiej kondygnacji znajduje si\u0119 sekretariat, klasopracownie, pok\u00f3j nauczycielski. <a>W budynku nie ma toalety dla os\u00f3b niepe\u0142nosprawnych.<\/a><\/li><li>Opis dostosowa\u0144, na przyk\u0142ad      pochylni, platform, informacji g\u0142osowych, p\u0119tlach indukcyjnych. <br>Do g\u0142\u00f3wnego wej\u015bcia budynku prowadzi pochylnia dla os\u00f3b niepe\u0142nosprawnych, na parterze budynku znajduje si\u0119 tablica informacyjna dla klient\u00f3w.<\/li><\/ol>\n\n\n\n<p>W budynku nie ma oznacze\u0144 w alfabecie Braille\u2019a,\nplan\u00f3w tyflograficznych, schemat\u00f3w dotykowych ani oznacze\u0144 kontrastowych lub w\ndruku powi\u0119kszonym dla os\u00f3b niewidomych i s\u0142abowidz\u0105cych. <\/p>\n\n\n\n<ol class=\"wp-block-list\"><li>Informacja o miejscu i sposobie korzystania z miejsc parkingowych wyznaczonych dla os\u00f3b niepe\u0142nosprawnych.<br>Na parkingu przed budynkiem nie ma miejsc parkingowych dla os\u00f3b      niepe\u0142nosprawnych oznaczonych pionowym znakiem oraz pomalowan\u0105 na niebiesko nawierzchni\u0105.<\/li><li>Informacja o prawie wst\u0119pu z psem asystuj\u0105cym i ewentualnych uzasadnionych ograniczeniach.<br>Zgodnie z ustaw\u0105&nbsp; z dnia 27 sierpnia 1997 r. o rehabilitacji      zawodowej i spo\u0142ecznej oraz zatrudnieniu os\u00f3b niepe\u0142nosprawnych, osoba niepe\u0142nosprawna wraz z psem asystuj\u0105cym ma prawo wst\u0119pu m.in. do obiekt\u00f3w u\u017cyteczno\u015bci publicznej, w szczeg\u00f3lno\u015bci: budynk\u00f3w i ich otoczenia przeznaczonych na potrzeby administracji publicznej, wymiaru sprawiedliwo\u015bci itp., a tym samym tak\u017ce do budynku Miejskiego Zespo\u0142u Szk\u00f3\u0142 Nr 7 w Kro\u015bnie. Warunkiem wej\u015bcia na teren budynku MZS 7 z psem asystuj\u0105cym jest wyposa\u017cenie psa asystuj\u0105cego w uprz\u0105\u017c oraz posiadanie przez osob\u0119 niepe\u0142nosprawn\u0105 certyfikatu potwierdzaj\u0105cego status psa      asystuj\u0105cego i za\u015bwiadczenia o wykonaniu wymaganych szczepie\u0144      weterynaryjnych. Mo\u017cliwo\u015b\u0107 wej\u015bcia do budynku MZS 7z psem asystuj\u0105cym nie zwalnia osoby niepe\u0142nosprawnej z odpowiedzialno\u015bci za szkody wyrz\u0105dzone przez psa asystuj\u0105cego.<br>Osoba niepe\u0142nosprawna nie jest zobowi\u0105zana do zak\u0142adania psu asystuj\u0105cemu kaga\u0144ca oraz prowadzenia go na smyczy.<\/li><li>Informacja o mo\u017cliwo\u015bci skorzystania z t\u0142umacza j\u0119zyka migowego na miejscu lub online. <br>W budynku MZS 7 nie ma &nbsp;zapewnionej&nbsp; mo\u017cliwo\u015bci skorzystania z t\u0142umacza j\u0119zyka migowego.<\/li><li>Aplikacje mobilne: Podmiot nie posiada aplikacji mobilnych.<\/li><\/ol>\n\n\n\n<p><strong>MZS 7 w\nKro\u015bnie , budynek Przedszkola Miejskiego Nr 1 przy ul. Bohater\u00f3w<\/strong><\/p>\n\n\n\n<p><strong>&nbsp;Westerplatte 24<\/strong><\/p>\n\n\n\n<ol class=\"wp-block-list\"><li><strong>Dost\u0119pno\u015b\u0107 wej\u015bcia do budynku. <\/strong><br>Budynek Przedszkola Miejskiego Nr 1 jest budynkiem jednopoziomowym nie posiadaj\u0105cym schod\u00f3w.<br>Dla klient\u00f3w Przedszkola Miejskiego Nr 1 dost\u0119pne jest jedno wej\u015bcia do budynku od ul. Bohater\u00f3w Westerplatte 24, dost\u0119pne tak\u017ce dla os\u00f3b na w\u00f3zkach.<\/li><li><strong>Opis dost\u0119pno\u015bci korytarzy, schod\u00f3w i wind.<\/strong><br>W budynku nie ma schod\u00f3w ani wind. Na parterze budynku znajduje si\u0119 d\u0142ugi hol , sekretariat, 5 sal zabaw dla dzieci i pion kuchenny. W budynku nie ma toalety dla os\u00f3b niepe\u0142nosprawnych.<\/li><li><strong>Opis dostosowa\u0144, na przyk\u0142ad pochylni, platform, informacji g\u0142osowych, p\u0119tlach indukcyjnych.<\/strong> <br>Budynek nie wymaga pochylni. W budynku nie ma p\u0119tli indukcyjnych. W budynku nie ma oznacze\u0144 w alfabecie Braille\u2019a, plan\u00f3w tyflograficznych, schemat\u00f3w dotykowych ani oznacze\u0144 kontrastowych lub w druku powi\u0119kszonym dla os\u00f3b niewidomych i s\u0142abowidz\u0105cych. W budynku znajduje si\u0119 tablica informacyjna dla klient\u00f3w przedszkola.<\/li><li><strong>Informacja o miejscu i sposobie korzystania z miejsc parkingowych wyznaczonych dla os\u00f3b niepe\u0142nosprawnych.<\/strong><br>Na parkingu obok budynku nie ma wydzielonych miejsc parkingowych dla os\u00f3b niepe\u0142nosprawnych&nbsp; oznaczonych      pionowym znakiem oraz pomalowan\u0105 na niebiesko nawierzchni\u0105.<\/li><li><strong>Informacja o prawie wst\u0119pu z psem asystuj\u0105cym i ewentualnych uzasadnionych ograniczeniach.<\/strong><br>Zgodnie z ustaw\u0105&nbsp; z dnia 27 sierpnia 1997 r. o rehabilitacji      zawodowej i spo\u0142ecznej oraz zatrudnieniu os\u00f3b niepe\u0142nosprawnych, osoba niepe\u0142nosprawna wraz z psem asystuj\u0105cym ma prawo wst\u0119pu m.in. do obiekt\u00f3w u\u017cyteczno\u015bci publicznej, w szczeg\u00f3lno\u015bci: budynk\u00f3w i ich otoczenia przeznaczonych na potrzeby administracji publicznej, wymiaru sprawiedliwo\u015bci itp., a tym samym tak\u017ce do budynku Urz\u0119du Miasta Krosna. Warunkiem wej\u015bcia na teren budynku Urz\u0119du z psem asystuj\u0105cym jest wyposa\u017cenie psa asystuj\u0105cego w uprz\u0105\u017c oraz posiadanie przez osob\u0119      niepe\u0142nosprawn\u0105 certyfikatu potwierdzaj\u0105cego status psa asystuj\u0105cego i za\u015bwiadczenia o wykonaniu wymaganych szczepie\u0144 weterynaryjnych. Mo\u017cliwo\u015b\u0107 wej\u015bcia do budynku Przedszkola z psem asystuj\u0105cym nie zwalnia osoby niepe\u0142nosprawnej z odpowiedzialno\u015bci za szkody wyrz\u0105dzone przez psa asystuj\u0105cego.<br>Osoba niepe\u0142nosprawna nie jest zobowi\u0105zana do zak\u0142adania psu asystuj\u0105cemu kaga\u0144ca oraz prowadzenia go na smyczy.<\/li><li><strong>Informacja o mo\u017cliwo\u015bci skorzystania z t\u0142umacza j\u0119zyka migowego na miejscu lub online. <\/strong><br>W Przedszkolu nie ma &nbsp;zapewnionej&nbsp; mo\u017cliwo\u015bci skorzystania z t\u0142umacza j\u0119zyka migowego.<\/li><\/ol>\n","protected":false},"excerpt":{"rendered":"<p>Wniosek o zapewnienie dost\u0119pno\u015bci cyfrowej MZS 7 Deklaracja Dost\u0119pno\u015bci dla strony internetowej www.mzs7krosno.pl Miejski Zesp\u00f3\u0142 Szk\u00f3\u0142 Nr 7 w Kro\u015bnie zobowi\u0105zuje si\u0119 zapewni\u0107 dost\u0119pno\u015b\u0107 swojej strony internetowej zgodnie z przepisami ustawy z dnia 4 kwietnia 2019 r. o dost\u0119pno\u015bci cyfrowej stron internetowych i aplikacji mobilnych podmiot\u00f3w publicznych. O\u015bwiadczenie w sprawie dost\u0119pno\u015bci ma zastosowanie do mzs7krosno.pl &hellip; <a href=\"http:\/\/mzs7krosno.pl\/index.php\/deklaracja-dostepnosci\/\" class=\"more-link\">Continue reading <span class=\"screen-reader-text\">Deklaracja dost\u0119pno\u015bci<\/span><\/a><\/p>\n","protected":false},"author":5,"featured_media":0,"parent":0,"menu_order":0,"comment_status":"closed","ping_status":"closed","template":"","meta":{"ngg_post_thumbnail":0,"footnotes":""},"class_list":["post-6638","page","type-page","status-publish","hentry"],"aioseo_notices":[],"_links":{"self":[{"href":"http:\/\/mzs7krosno.pl\/index.php\/wp-json\/wp\/v2\/pages\/6638","targetHints":{"allow":["GET"]}}],"collection":[{"href":"http:\/\/mzs7krosno.pl\/index.php\/wp-json\/wp\/v2\/pages"}],"about":[{"href":"http:\/\/mzs7krosno.pl\/index.php\/wp-json\/wp\/v2\/types\/page"}],"author":[{"embeddable":true,"href":"http:\/\/mzs7krosno.pl\/index.php\/wp-json\/wp\/v2\/users\/5"}],"replies":[{"embeddable":true,"href":"http:\/\/mzs7krosno.pl\/index.php\/wp-json\/wp\/v2\/comments?post=6638"}],"version-history":[{"count":4,"href":"http:\/\/mzs7krosno.pl\/index.php\/wp-json\/wp\/v2\/pages\/6638\/revisions"}],"predecessor-version":[{"id":9208,"href":"http:\/\/mzs7krosno.pl\/index.php\/wp-json\/wp\/v2\/pages\/6638\/revisions\/9208"}],"wp:attachment":[{"href":"http:\/\/mzs7krosno.pl\/index.php\/wp-json\/wp\/v2\/media?parent=6638"}],"curies":[{"name":"wp","href":"https:\/\/api.w.org\/{rel}","templated":true}]}}